{"id":251633,"date":"2023-03-23T21:39:20","date_gmt":"2023-03-23T21:39:20","guid":{"rendered":"https:\/\/www.barcelonacapitalnautica.org\/?page_id=251633"},"modified":"2023-04-05T14:39:30","modified_gmt":"2023-04-05T14:39:30","slug":"politica-de-comandes-i-preus","status":"publish","type":"page","link":"https:\/\/www.barcelonacapitalnautica.org\/en\/politica-de-comandes-i-preus\/","title":{"rendered":"Pol\u00edtica de comandes i preus"},"content":{"rendered":"\n<div class=\"wp-block-uagb-container uagb-block-2b42aa28 alignfull uagb-is-root-container\"><div class=\"uagb-container-inner-blocks-wrap\">\n<h3 class=\"wp-block-heading has-ast-global-color-5-color has-text-color has-large-font-size\" style=\"margin-top:var(--wp--preset--spacing--60);margin-right:0;margin-bottom:var(--wp--preset--spacing--60);margin-left:0;padding-top:0;padding-right:0;padding-bottom:0;padding-left:0;text-transform:none\">Pol\u00edtica de comandes i preus<\/h3>\n<\/div><\/div>\n\n\n\n<p><\/p>\n\n\n\n<p>Els preus dels productes oferts en la Plataforma de Fundaci\u00f3 Barcelona Capital N\u00e0utica (FBCN), CIF G64191679 apareixeran en euros (\u20ac), amb tots els impostos inclosos i seran comunicats a l\u2019Usuari abans de formalitzar la compra.&nbsp;<\/p>\n\n\n\n<p>Els preus aplicables a cada producte\/taller o servei seran els publicats en la Plataforma i s\u2019aplicaran autom\u00e0ticament en l\u2019\u00faltima fase del proc\u00e9s de compra.&nbsp;<\/p>\n\n\n\n<p>L\u2019Usuari assumeix que el preu d\u2019alguns dels productes o tallers oferts poden variar en temps real. En tot cas aix\u00f2 sempre es comunicar\u00e0 amb anterioritat a la formalitzaci\u00f3 de la venda.<\/p>\n\n\n\n<p>L\u2019Usuari es compromet a pagar en el moment de realitzar la comanda, a trav\u00e9s dels nostres m\u00e8todes de pagament. Aquests s\u00f3n: RedSys, o a trav\u00e9s de la nostra plataforma de pagament Stripe, fent servir la seva targeta de cr\u00e8dit o d\u00e8bit (VISA, Mastercard, American Express i altres targetes de cr\u00e8dit internacionals). En qualsevol cas, el pagament a trav\u00e9s d\u2019aquests m\u00e8todes, es dur\u00e0 a terme a trav\u00e9s d\u2019una plataforma segura de pagament.<\/p>\n\n\n\n<p>L\u2019Usuari rebr\u00e0 trav\u00e9s de l\u2019adre\u00e7a de correu facilitada a aquest efecte, un comprovant on s\u2019inclouran totes les dades relacionades amb la compra dels productes\/tallers. El comprovant s\u2019expedir\u00e0 quan la comanda estigui pagada i confirmada.<\/p>\n\n\n\n<p>Si hi ha disfer\u00e8ncies de preu en un article al que apareix en la Plataforma, si us plau, envia un correu electr\u00f2nic a l\u2019adre\u00e7a <a href=\"mailto:info@barcelonacapitalnautica.org\">info@barcelonacapitalnautica.org<\/a> juntament amb el comprovant de l\u2019albar\u00e0 i\/o tiquet de la compra. Des de FBCN solucionarem la incid\u00e8ncia en un termini no superior a 72 hores.<\/p>\n\n\n\n<p>A vegades, podem oferir peri\u00f2dicament codis de descompte sobre els Tallers oferts en la Plataforma. Totes les caracter\u00edstiques sobre el descompte, aix\u00f2 \u00e9s, percentatge de descompte, la data de venciment del codi, aix\u00ed com qualsevol particularitat relacionada amb el codi i\/o les seves restriccions en el seu cas, s\u2019indicaran directament en el codi de descompte facilitat.<\/p>\n\n\n\n<p>Aquests descomptes nom\u00e9s podran aplicar-se d\u2019acord amb les instruccions que especifiqui la Plataforma respecte a cada codi, i en tot cas els Usuaris nom\u00e9s podran utilitzar un \u00fanic codi per comanda. L\u2019\u00fas de codis de descompte no ser\u00e0 compatible amb determinades accions promocionals.<\/p>\n\n\n\n<p>Si t\u00e9 dificultats per a completar la seva comanda o navegar per la p\u00e0gina web de Fundaci\u00f3 Barcelona Capital N\u00e0utica, reinici\u00ef el seu navegador. Si els problemes persisteixen, pot posar-se en contacte amb el nostre personal a trav\u00e9s de <a href=\"mailto:info@barcelonacapitalnautica.org\">info@barcelonacapitalnautica.org<\/a>.<\/p>\n\n\n\n<p>Si t\u00e9 algun problema de pagament, intenti el seg\u00fcent:<\/p>\n\n\n\n<ul class=\"wp-block-list\">\n<li>Utilitzi una targeta de cr\u00e8dit alternativa<\/li>\n\n\n\n<li>Utilitzi un m\u00e8tode de pagament alternatiu<\/li>\n\n\n\n<li>Reinici\u00ef el seu navegador i torni a internar-lo<\/li>\n\n\n\n<li>Elimini les cookies del seu dispositiu o buidi la \u201cmem\u00f2ria cach\u00e9\u201d. Torni a intentar-ho, posteriorment<\/li>\n<\/ul>\n\n\n\n<p>Si els seus problemes persisteixen, no dubti a contactar amb Fundaci\u00f3 Barcelona Capital N\u00e0utica a trav\u00e9s de <a href=\"mailto:info@barcelonacapitalnautica.org\">info@barcelonacapitalnautica.org<\/a> o <a href=\"tel:+34935579700\">+34 935 579 700<\/a><\/p>\n\n\n\n<p><\/p>\n","protected":false},"excerpt":{"rendered":"<p>Pol\u00edtica de comandes i preus Els preus dels productes oferts [&hellip;]<\/p>\n","protected":false},"author":1,"featured_media":0,"parent":0,"menu_order":0,"comment_status":"closed","ping_status":"closed","template":"","meta":{"_uag_custom_page_level_css":"","site-sidebar-layout":"default","site-content-layout":"","ast-site-content-layout":"default","site-content-style":"default","site-sidebar-style":"default","ast-global-header-display":"","ast-banner-title-visibility":"","ast-main-header-display":"","ast-hfb-above-header-display":"","ast-hfb-below-header-display":"","ast-hfb-mobile-header-display":"","site-post-title":"disabled","ast-breadcrumbs-content":"","ast-featured-img":"","footer-sml-layout":"","ast-disable-related-posts":"","theme-transparent-header-meta":"","adv-header-id-meta":"","stick-header-meta":"","header-above-stick-meta":"","header-main-stick-meta":"","header-below-stick-meta":"","astra-migrate-meta-layouts":"default","ast-page-background-enabled":"default","ast-page-background-meta":{"desktop":{"background-color":"","background-image":"","background-repeat":"repeat","background-position":"center center","background-size":"auto","background-attachment":"scroll","background-type":"","background-media":"","overlay-type":"","overlay-color":"","overlay-opacity":"","overlay-gradient":""},"tablet":{"background-color":"","background-image":"","background-repeat":"repeat","background-position":"center center","background-size":"auto","background-attachment":"scroll","background-type":"","background-media":"","overlay-type":"","overlay-color":"","overlay-opacity":"","overlay-gradient":""},"mobile":{"background-color":"","background-image":"","background-repeat":"repeat","background-position":"center center","background-size":"auto","background-attachment":"scroll","background-type":"","background-media":"","overlay-type":"","overlay-color":"","overlay-opacity":"","overlay-gradient":""}},"ast-content-background-meta":{"desktop":{"background-color":"var(--ast-global-color-5)","background-image":"","background-repeat":"repeat","background-position":"center center","background-size":"auto","background-attachment":"scroll","background-type":"","background-media":"","overlay-type":"","overlay-color":"","overlay-opacity":"","overlay-gradient":""},"tablet":{"background-color":"var(--ast-global-color-5)","background-image":"","background-repeat":"repeat","background-position":"center center","background-size":"auto","background-attachment":"scroll","background-type":"","background-media":"","overlay-type":"","overlay-color":"","overlay-opacity":"","overlay-gradient":""},"mobile":{"background-color":"var(--ast-global-color-5)","background-image":"","background-repeat":"repeat","background-position":"center center","background-size":"auto","background-attachment":"scroll","background-type":"","background-media":"","overlay-type":"","overlay-color":"","overlay-opacity":"","overlay-gradient":""}},"_price":"","_stock":"","_tribe_ticket_header":"","_tribe_default_ticket_provider":"","_tribe_ticket_capacity":"0","_ticket_start_date":"","_ticket_end_date":"","_tribe_ticket_show_description":"","_tribe_ticket_show_not_going":false,"_tribe_ticket_use_global_stock":"","_tribe_ticket_global_stock_level":"","_global_stock_mode":"","_global_stock_cap":"","_tribe_rsvp_for_event":"","_tribe_ticket_going_count":"","_tribe_ticket_not_going_count":"","_tribe_tickets_list":[],"_tribe_ticket_has_attendee_info_fields":false,"footnotes":""},"class_list":["post-251633","page","type-page","status-publish","hentry"],"yoast_head":"<!-- This site is optimized with the Yoast SEO plugin v27.5 - https:\/\/yoast.com\/product\/yoast-seo-wordpress\/ -->\n<title>Pol\u00edtica de comandes i preus - Barcelona Capital N\u00e0utica<\/title>\n<meta name=\"robots\" content=\"index, follow, max-snippet:-1, max-image-preview:large, max-video-preview:-1\" \/>\n<link rel=\"canonical\" href=\"https:\/\/www.barcelonacapitalnautica.org\/en\/politica-de-comandes-i-preus\/\" \/>\n<meta property=\"og:locale\" content=\"en_US\" \/>\n<meta property=\"og:type\" content=\"article\" \/>\n<meta property=\"og:title\" content=\"Pol\u00edtica de comandes i preus - Barcelona Capital N\u00e0utica\" \/>\n<meta property=\"og:description\" content=\"Pol\u00edtica de comandes i preus Els preus dels productes oferts [&hellip;]\" \/>\n<meta property=\"og:url\" content=\"https:\/\/www.barcelonacapitalnautica.org\/en\/politica-de-comandes-i-preus\/\" \/>\n<meta property=\"og:site_name\" content=\"Barcelona Capital N\u00e0utica\" \/>\n<meta property=\"article:publisher\" content=\"https:\/\/www.facebook.com\/barcelonacapitalnautica\" \/>\n<meta property=\"article:modified_time\" content=\"2023-04-05T14:39:30+00:00\" \/>\n<meta property=\"og:image\" content=\"https:\/\/www.barcelonacapitalnautica.org\/wp-content\/uploads\/2023\/03\/bcnautica-cover.jpg\" \/>\n\t<meta property=\"og:image:width\" content=\"1200\" \/>\n\t<meta property=\"og:image:height\" content=\"675\" \/>\n\t<meta property=\"og:image:type\" content=\"image\/jpeg\" \/>\n<meta name=\"twitter:card\" content=\"summary_large_image\" \/>\n<meta name=\"twitter:site\" content=\"@bcnautica\" \/>\n<meta name=\"twitter:label1\" content=\"Est. reading time\" \/>\n\t<meta name=\"twitter:data1\" content=\"3 minutes\" \/>\n<script type=\"application\/ld+json\" class=\"yoast-schema-graph\">{\"@context\":\"https:\\\/\\\/schema.org\",\"@graph\":[{\"@type\":\"WebPage\",\"@id\":\"https:\\\/\\\/www.barcelonacapitalnautica.org\\\/en\\\/politica-de-comandes-i-preus\\\/\",\"url\":\"https:\\\/\\\/www.barcelonacapitalnautica.org\\\/en\\\/politica-de-comandes-i-preus\\\/\",\"name\":\"Pol\u00edtica de comandes i preus - Barcelona Capital N\u00e0utica\",\"isPartOf\":{\"@id\":\"https:\\\/\\\/www.barcelonacapitalnautica.org\\\/en\\\/#website\"},\"datePublished\":\"2023-03-23T21:39:20+00:00\",\"dateModified\":\"2023-04-05T14:39:30+00:00\",\"breadcrumb\":{\"@id\":\"https:\\\/\\\/www.barcelonacapitalnautica.org\\\/en\\\/politica-de-comandes-i-preus\\\/#breadcrumb\"},\"inLanguage\":\"en-US\",\"potentialAction\":[{\"@type\":\"ReadAction\",\"target\":[\"https:\\\/\\\/www.barcelonacapitalnautica.org\\\/en\\\/politica-de-comandes-i-preus\\\/\"]}]},{\"@type\":\"BreadcrumbList\",\"@id\":\"https:\\\/\\\/www.barcelonacapitalnautica.org\\\/en\\\/politica-de-comandes-i-preus\\\/#breadcrumb\",\"itemListElement\":[{\"@type\":\"ListItem\",\"position\":1,\"name\":\"Inici\",\"item\":\"https:\\\/\\\/www.barcelonacapitalnautica.org\\\/en\\\/\"},{\"@type\":\"ListItem\",\"position\":2,\"name\":\"Pol\u00edtica de comandes i preus\"}]},{\"@type\":\"WebSite\",\"@id\":\"https:\\\/\\\/www.barcelonacapitalnautica.org\\\/en\\\/#website\",\"url\":\"https:\\\/\\\/www.barcelonacapitalnautica.org\\\/en\\\/\",\"name\":\"Barcelona Capital N\u00e0utica\",\"description\":\"Barcelona Capital N\u00e0utica\",\"publisher\":{\"@id\":\"https:\\\/\\\/www.barcelonacapitalnautica.org\\\/en\\\/#organization\"},\"alternateName\":\"BCN\u00e0utica, FBCN\",\"potentialAction\":[{\"@type\":\"SearchAction\",\"target\":{\"@type\":\"EntryPoint\",\"urlTemplate\":\"https:\\\/\\\/www.barcelonacapitalnautica.org\\\/en\\\/?s={search_term_string}\"},\"query-input\":{\"@type\":\"PropertyValueSpecification\",\"valueRequired\":true,\"valueName\":\"search_term_string\"}}],\"inLanguage\":\"en-US\"},{\"@type\":\"Organization\",\"@id\":\"https:\\\/\\\/www.barcelonacapitalnautica.org\\\/en\\\/#organization\",\"name\":\"Barcelona Capital N\u00e0utica\",\"alternateName\":\"Fundaci\u00f3 Barcelona Capital N\u00e0utica\",\"url\":\"https:\\\/\\\/www.barcelonacapitalnautica.org\\\/en\\\/\",\"logo\":{\"@type\":\"ImageObject\",\"inLanguage\":\"en-US\",\"@id\":\"https:\\\/\\\/www.barcelonacapitalnautica.org\\\/en\\\/#\\\/schema\\\/logo\\\/image\\\/\",\"url\":\"https:\\\/\\\/www.barcelonacapitalnautica.org\\\/wp-content\\\/uploads\\\/2023\\\/03\\\/Logo-blau.svg\",\"contentUrl\":\"https:\\\/\\\/www.barcelonacapitalnautica.org\\\/wp-content\\\/uploads\\\/2023\\\/03\\\/Logo-blau.svg\",\"width\":200,\"height\":58,\"caption\":\"Barcelona Capital N\u00e0utica\"},\"image\":{\"@id\":\"https:\\\/\\\/www.barcelonacapitalnautica.org\\\/en\\\/#\\\/schema\\\/logo\\\/image\\\/\"},\"sameAs\":[\"https:\\\/\\\/www.facebook.com\\\/barcelonacapitalnautica\",\"https:\\\/\\\/x.com\\\/bcnautica\",\"https:\\\/\\\/www.instagram.com\\\/bcnautica\\\/\",\"https:\\\/\\\/www.linkedin.com\\\/company\\\/barcelona-capital-nautica\"]}]}<\/script>\n<!-- \/ Yoast SEO plugin. -->","yoast_head_json":{"title":"Pol\u00edtica de comandes i preus - Barcelona Capital N\u00e0utica","robots":{"index":"index","follow":"follow","max-snippet":"max-snippet:-1","max-image-preview":"max-image-preview:large","max-video-preview":"max-video-preview:-1"},"canonical":"https:\/\/www.barcelonacapitalnautica.org\/en\/politica-de-comandes-i-preus\/","og_locale":"en_US","og_type":"article","og_title":"Pol\u00edtica de comandes i preus - Barcelona Capital N\u00e0utica","og_description":"Pol\u00edtica de comandes i preus Els preus dels productes oferts [&hellip;]","og_url":"https:\/\/www.barcelonacapitalnautica.org\/en\/politica-de-comandes-i-preus\/","og_site_name":"Barcelona Capital N\u00e0utica","article_publisher":"https:\/\/www.facebook.com\/barcelonacapitalnautica","article_modified_time":"2023-04-05T14:39:30+00:00","og_image":[{"width":1200,"height":675,"url":"https:\/\/www.barcelonacapitalnautica.org\/wp-content\/uploads\/2023\/03\/bcnautica-cover.jpg","type":"image\/jpeg"}],"twitter_card":"summary_large_image","twitter_site":"@bcnautica","twitter_misc":{"Est. reading time":"3 minutes"},"schema":{"@context":"https:\/\/schema.org","@graph":[{"@type":"WebPage","@id":"https:\/\/www.barcelonacapitalnautica.org\/en\/politica-de-comandes-i-preus\/","url":"https:\/\/www.barcelonacapitalnautica.org\/en\/politica-de-comandes-i-preus\/","name":"Pol\u00edtica de comandes i preus - Barcelona Capital N\u00e0utica","isPartOf":{"@id":"https:\/\/www.barcelonacapitalnautica.org\/en\/#website"},"datePublished":"2023-03-23T21:39:20+00:00","dateModified":"2023-04-05T14:39:30+00:00","breadcrumb":{"@id":"https:\/\/www.barcelonacapitalnautica.org\/en\/politica-de-comandes-i-preus\/#breadcrumb"},"inLanguage":"en-US","potentialAction":[{"@type":"ReadAction","target":["https:\/\/www.barcelonacapitalnautica.org\/en\/politica-de-comandes-i-preus\/"]}]},{"@type":"BreadcrumbList","@id":"https:\/\/www.barcelonacapitalnautica.org\/en\/politica-de-comandes-i-preus\/#breadcrumb","itemListElement":[{"@type":"ListItem","position":1,"name":"Inici","item":"https:\/\/www.barcelonacapitalnautica.org\/en\/"},{"@type":"ListItem","position":2,"name":"Pol\u00edtica de comandes i preus"}]},{"@type":"WebSite","@id":"https:\/\/www.barcelonacapitalnautica.org\/en\/#website","url":"https:\/\/www.barcelonacapitalnautica.org\/en\/","name":"Barcelona Capital N\u00e0utica","description":"Barcelona Capital N\u00e0utica","publisher":{"@id":"https:\/\/www.barcelonacapitalnautica.org\/en\/#organization"},"alternateName":"BCN\u00e0utica, FBCN","potentialAction":[{"@type":"SearchAction","target":{"@type":"EntryPoint","urlTemplate":"https:\/\/www.barcelonacapitalnautica.org\/en\/?s={search_term_string}"},"query-input":{"@type":"PropertyValueSpecification","valueRequired":true,"valueName":"search_term_string"}}],"inLanguage":"en-US"},{"@type":"Organization","@id":"https:\/\/www.barcelonacapitalnautica.org\/en\/#organization","name":"Barcelona Capital N\u00e0utica","alternateName":"Fundaci\u00f3 Barcelona Capital N\u00e0utica","url":"https:\/\/www.barcelonacapitalnautica.org\/en\/","logo":{"@type":"ImageObject","inLanguage":"en-US","@id":"https:\/\/www.barcelonacapitalnautica.org\/en\/#\/schema\/logo\/image\/","url":"https:\/\/www.barcelonacapitalnautica.org\/wp-content\/uploads\/2023\/03\/Logo-blau.svg","contentUrl":"https:\/\/www.barcelonacapitalnautica.org\/wp-content\/uploads\/2023\/03\/Logo-blau.svg","width":200,"height":58,"caption":"Barcelona Capital N\u00e0utica"},"image":{"@id":"https:\/\/www.barcelonacapitalnautica.org\/en\/#\/schema\/logo\/image\/"},"sameAs":["https:\/\/www.facebook.com\/barcelonacapitalnautica","https:\/\/x.com\/bcnautica","https:\/\/www.instagram.com\/bcnautica\/","https:\/\/www.linkedin.com\/company\/barcelona-capital-nautica"]}]}},"uagb_featured_image_src":{"full":false,"thumbnail":false,"medium":false,"medium_large":false,"large":false,"1536x1536":false,"2048x2048":false},"uagb_author_info":{"display_name":"Barcelona Capital N\u00e0utica","author_link":"https:\/\/www.barcelonacapitalnautica.org\/en\/author\/fbcn_admin\/"},"uagb_comment_info":0,"uagb_excerpt":"Pol\u00edtica de comandes i preus Els preus dels productes oferts [&hellip;]","ticketed":false,"_links":{"self":[{"href":"https:\/\/www.barcelonacapitalnautica.org\/en\/wp-json\/wp\/v2\/pages\/251633","targetHints":{"allow":["GET"]}}],"collection":[{"href":"https:\/\/www.barcelonacapitalnautica.org\/en\/wp-json\/wp\/v2\/pages"}],"about":[{"href":"https:\/\/www.barcelonacapitalnautica.org\/en\/wp-json\/wp\/v2\/types\/page"}],"author":[{"embeddable":true,"href":"https:\/\/www.barcelonacapitalnautica.org\/en\/wp-json\/wp\/v2\/users\/1"}],"replies":[{"embeddable":true,"href":"https:\/\/www.barcelonacapitalnautica.org\/en\/wp-json\/wp\/v2\/comments?post=251633"}],"version-history":[{"count":6,"href":"https:\/\/www.barcelonacapitalnautica.org\/en\/wp-json\/wp\/v2\/pages\/251633\/revisions"}],"predecessor-version":[{"id":256447,"href":"https:\/\/www.barcelonacapitalnautica.org\/en\/wp-json\/wp\/v2\/pages\/251633\/revisions\/256447"}],"wp:attachment":[{"href":"https:\/\/www.barcelonacapitalnautica.org\/en\/wp-json\/wp\/v2\/media?parent=251633"}],"curies":[{"name":"wp","href":"https:\/\/api.w.org\/{rel}","templated":true}]}}