{"id":255999,"date":"2023-03-23T21:24:36","date_gmt":"2023-03-23T20:24:36","guid":{"rendered":"https:\/\/www.barcelonacapitalnautica.org\/politica-de-privacitat\/"},"modified":"2024-01-25T19:11:30","modified_gmt":"2024-01-25T18:11:30","slug":"politica-de-privacidad","status":"publish","type":"page","link":"https:\/\/www.barcelonacapitalnautica.org\/es\/politica-de-privacidad\/","title":{"rendered":"Pol\u00edtica de privacidad"},"content":{"rendered":"\n<div class=\"wp-block-uagb-container uagb-block-b601dbc0 alignfull uagb-is-root-container\"><div class=\"uagb-container-inner-blocks-wrap\">\n<h3 class=\"wp-block-heading has-ast-global-color-5-color has-text-color has-large-font-size\" style=\"margin-top:var(--wp--preset--spacing--60);margin-right:0;margin-bottom:var(--wp--preset--spacing--60);margin-left:0;padding-top:0;padding-right:0;padding-bottom:0;padding-left:0;text-transform:none\">Pol\u00edtica de privacidad<\/h3>\n<\/div><\/div>\n\n\n\n<p><\/p>\n\n\n\n<h3 class=\"wp-block-heading\"><strong>Protecci\u00f3n de Datos<\/strong><\/h3>\n\n\n\n<h4 class=\"wp-block-heading\">\u00c9sta es la pol\u00edtica de protecci\u00f3n de datos de la Fundaci\u00f3 Barcelona Capital N\u00e0utica (FBCN).<\/h4>\n\n\n\n<p>A trav\u00e9s del presente aviso, la FBCN informa a los usuarios del sitio web que, en cumplimiento del Reglamento (UE) 2016\/679 del Parlamento Europeo y del Consejo de 27 de abril de 2016 relativo a la Protecci\u00f3n de las Personas F\u00edsicas respecto al tratamiento de datos personales ya la libre circulaci\u00f3n de datos (en adelante, RGPD) y la Ley org\u00e1nica 3\/2018, de 5 de diciembre, de protecci\u00f3n de datos de car\u00e1cter personal y garant\u00eda de los derechos digitales (LOPDGDD), los datos personales facilitados ser\u00e1n incorporados en nuestro fichero titularidad de la Fundaci\u00f3 Barcelona Capital N\u00e0utica ( FBCN ) con domicilio en Moll de Llevant n\u00ba 1, 08039, Barcelona.<\/p>\n\n\n\n<p>El acceso a nuestro sitio Web no exige que el usuario realice un registro previo. A\u00fan as\u00ed, el acceso y navegaci\u00f3n a trav\u00e9s de este sitio Web supone que el usuario acepta \u00edntegramente la presente pol\u00edtica de privacidad y <a href=\"https:\/\/www.barcelonacapitalnautica.org\/politica-de-galetes\/\">la de cookies<\/a>.<\/p>\n\n\n\n<h3 class=\"wp-block-heading\">\u00bfQui\u00e9n es el responsable del tratamiento de los datos personales?<\/h3>\n\n\n\n<p>El responsable del tratamiento de los datos personales es la Fundaci\u00f3 Barcelona Capital N\u00e0utica (en adelante, FBCN), CIF G64191679, domicilio en la calle Moll de Llevant, 1, Barcelona (CP 08039), tel. <a href=\"tel:+34935579700\">935579700<\/a> <a href=\"mailto:info@barcelonacapitalnautica.org\" target=\"_blank\" rel=\"noreferrer noopener\">info@barcelonacapitalnautica.org<\/a>.<\/p>\n\n\n\n<h3 class=\"wp-block-heading\"><strong><strong>\u00bfQui\u00e9n es el Delegado de Protecci\u00f3n de Datos?<\/strong><\/strong><\/h3>\n\n\n\n<p>El Delegado de Protecci\u00f3n de Datos (DPD) supervisa el cumplimiento de la pol\u00edtica de protecci\u00f3n de datos de la FBCN, velando por que se traten adecuadamente los datos personales y se protejan los derechos de las personas. Entre sus funciones figura la de atender cualquier duda, sugerencia, queja o reclamaci\u00f3n de las personas de quienes se traten datos. Se puede contactar con el delegado de Protecci\u00f3n de Datos dirigi\u00e9ndose por escrito o en calle Moll de Llevant 1, Barcelona (CP 08039), tel. <a href=\"tel:+34935579700\">935579700<\/a> o la direcci\u00f3n <a href=\"mailto:info@barcelonacapitalnautica.org\" target=\"_blank\" rel=\"noreferrer noopener\">info@barcelonacapitalnautica.org<\/a>.<\/p>\n\n\n\n<h3 class=\"wp-block-heading\"><strong><strong>\u00bfCon qu\u00e9 finalidad tratamos los datos?<\/strong><\/strong><\/h3>\n\n\n\n<p>En la FBCN tratamos los datos personales para las siguientes finalidades:<\/p>\n\n\n\n<ul class=\"wp-block-list\">\n<li><strong>Contacto<\/strong>: atender las consultas de las personas que contactan con nosotros por medio de formularios de contacto de nuestra p\u00e1gina web o telef\u00f3nicamente.<\/li>\n\n\n\n<li><strong>Servicios de la FBCN<\/strong>: registro de los usuarios reservan servicios para utilizar las salas de la FBCN, realizar cursos\/talleres de formaci\u00f3n o proyectos educativos y\/u otras actividades de la FBCN. En el proceso de registro de usuarios de los servicios se solicitan los datos imprescindibles como los identificativos.<\/li>\n\n\n\n<li><strong>Informaci\u00f3n de nuestros servicios<\/strong>: con la autorizaci\u00f3n expl\u00edcita de cada persona utilizamos los datos de contacto para comunicar informaci\u00f3n sobre actividades, actos o eventos.<\/li>\n\n\n\n<li><strong>Gesti\u00f3n de los datos de nuestros proveedores<\/strong>: registramos y tratamos los datos de los proveedores de quienes obtenemos servicios o bienes. Pueden ser los datos de personas que act\u00faan como aut\u00f3nomos y tambi\u00e9n datos de representantes de personas jur\u00eddicas. Obtenemos los datos imprescindibles para mantener la relaci\u00f3n comercial, los destinamos \u00fanicamente a esta finalidad y en basura el uso propio de esta clase de relaci\u00f3n.<\/li>\n\n\n\n<li><strong>Gestionar la remesa de su Curriculum vitae<\/strong>: a trav\u00e9s del formulario habilitado o a trav\u00e9s de otros medios.<\/li>\n\n\n\n<li><strong>En los actos celebrados o promovidos por la FBCN<\/strong>: en sus instalaciones se realizar\u00e1n fotograf\u00edas y v\u00eddeos que ser\u00e1n utilizados para la difusi\u00f3n y\/o promoci\u00f3n de las actividades de la FBCN, de forma que todos los asistentes autorizan la utilizaci\u00f3n y reproducci\u00f3n de sus im\u00e1genes o voz mediante la presencia en el propio evento.<\/li>\n\n\n\n<li><strong>Videovigilancia<\/strong>: en el acceso a nuestras instalaciones se informa de la existencia de c\u00e1maras de videovigilancia mediante los r\u00f3tulos homologados. Las c\u00e1maras graban im\u00e1genes s\u00f3lo de los puntos en los que est\u00e1 justificado para garantizar la seguridad de los bienes y de las personas y las im\u00e1genes se utilizan \u00fanicamente para esta finalidad.<\/li>\n<\/ul>\n\n\n\n<h3 class=\"wp-block-heading\"><strong><strong>\u00bfCu\u00e1l es la legitimaci\u00f3n legal para el tratamiento de los datos?<\/strong><\/strong><\/h3>\n\n\n\n<p>Los tratamientos de datos que llevamos a cabo tienen distintos fundamentos legales, seg\u00fan la naturaleza de cada tratamiento.<\/p>\n\n\n\n<ul class=\"wp-block-list\">\n<li><strong>En cumplimiento de una relaci\u00f3n contractual<\/strong>, en el caso de las relaciones con nuestros proveedores y con las personas que contratan servicios de la FBCN.<\/li>\n\n\n\n<li><strong>En cumplimiento de obligaciones legales<\/strong>, por ejemplo, las comunicaciones de datos a la administraci\u00f3n tributaria, establecida en normas fiscales y reguladoras de las relaciones comerciales.<\/li>\n\n\n\n<li><strong>En base al consentimiento hacemos env\u00edos de informaci\u00f3n de los servicios<\/strong>, actividades, actos o eventos que programamos. En relaci\u00f3n con la remisi\u00f3n de su Curriculum vitae e inscripciones a ofertas profesionales que podamos publicar, la legitimaci\u00f3n de su tratamiento se basa en el consentimiento del usuario que remite sus datos, que puede retirar en cualquier momento, a pesar de que esto har\u00eda que su candidatura no pudiera ser tenida en cuenta en nuestros procesos de selecci\u00f3n de personal. Sin embargo, la retirada de su consentimiento no afectar\u00e1 a la licitud de los tratamientos efectuados con anterioridad.<\/li>\n\n\n\n<li><strong>En cumplimiento de misi\u00f3n de inter\u00e9s p\u00fablico<\/strong>, grabamos im\u00e1genes con las c\u00e1maras de videovigilancia, para preservar el patrimonio que custodiamos.<\/li>\n<\/ul>\n\n\n\n<h3 class=\"wp-block-heading\"><strong><strong>\u00bfA qui\u00e9n se comunican los datos?<\/strong><\/strong><\/h3>\n\n\n\n<p>Como criterio general \u00fanicamente comunicamos datos a administraciones o poderes p\u00fablicos y siempre en cumplimiento de obligaciones legales. En la emisi\u00f3n de facturas a clientes, los datos se pueden comunicar a entidades bancarias. En casos justificados comunicaremos los datos a los cuerpos y fuerzas de seguridad o a los \u00f3rganos judiciales competentes. No se realizan transferencias de datos fuera del \u00e1mbito de la Uni\u00f3n Europea (transferencia internacional).<\/p>\n\n\n\n<h3 class=\"wp-block-heading\"><strong><strong>\u00bfCu\u00e1nto tiempo conservamos los datos?<\/strong><\/strong><\/h3>\n\n\n\n<p>El tiempo de conservaci\u00f3n de los datos viene determinado por diferentes factores, principalmente el hecho de que los datos sigan siendo necesarios para atender a los fines para los que hayan sido recogidos en cada caso. En segundo lugar, se conservan para hacer frente a posibles responsabilidades por el tratamiento de los datos por parte de la FBCN, y para atender cualquier requerimiento a otras administraciones p\u00fablicas u \u00f3rganos judiciales.<\/p>\n\n\n\n<p>En consecuencia, los datos deben conservarse durante el tiempo necesario para preservar su valor legal o informativo o para acreditar el cumplimiento de las obligaciones legales, pero no por un per\u00edodo superior al necesario de acuerdo con las finalidades del tratamiento .<\/p>\n\n\n\n<p>En determinados casos, como el de los datos que figuran en la documentaci\u00f3n contable y la facturaci\u00f3n, la normativa fiscal obliga a conservarlos hasta que no prescriban las responsabilidades en esta materia.<\/p>\n\n\n\n<p>En el caso de los datos que se traten exclusivamente en base al consentimiento de la persona interesada, se conservan hasta que esta persona revoca este consentimiento.<\/p>\n\n\n\n<p>Por \u00faltimo, en el caso de las im\u00e1genes obtenidas por las c\u00e1maras de videovigilancia, se conservan como m\u00e1ximo durante un mes, si bien en el caso de incidentes que lo justifiquen se conservan el tiempo necesario para facilitar las actuaciones de los cuerpos y fuerzas de seguridad o de los \u00f3rganos judiciales.<\/p>\n\n\n\n<h3 class=\"wp-block-heading\"><strong><strong>\u00bfQu\u00e9 derechos tienen las personas en relaci\u00f3n con los datos que tratamos?<\/strong><\/strong><\/h3>\n\n\n\n<p>Por \u00faltimo, tambi\u00e9n lo informamos que en cualquier momento puede ejercer los derechos de acceso, rectificaci\u00f3n, supresi\u00f3n, limitaci\u00f3n, portabilidad y oposici\u00f3n respecto a sus datos de car\u00e1cter personal previstos en la normativa en materia de protecci\u00f3n de datos, enviando un escrito acompa\u00f1ado de &#8216;una fotocopia del documento de identidad en el correo electr\u00f3nico de la FBCN <a href=\"mailto:info@barcelonacapitalnautica.org\">info@barcelonacapitalnautica.org<\/a>.<\/p>\n\n\n\n<p>En concreto, puede ejercer los derechos que se desarrollan a continuaci\u00f3n:<\/p>\n\n\n\n<ul class=\"wp-block-list\">\n<li>Revocar los consentimientos otorgados.<\/li>\n\n\n\n<li>Acceder a sus datos personales.<\/li>\n\n\n\n<li>Rectificar los datos inexactos o incompletos.<\/li>\n\n\n\n<li>Solicitar la supresi\u00f3n de sus datos cuando, entre otros motivos, los datos ya no sean necesarios para los fines por los que fueron recogidos.<\/li>\n\n\n\n<li>Solicitar la supresi\u00f3n de sus datos cuando, entre otros motivos, los datos ya no sean necesarios para los fines por los que fueron recogidos.<\/li>\n\n\n\n<li>Salvo por motivos leg\u00edtimos imperiosos, o el ejercicio o la defensa de posibles reclamaciones.<\/li>\n\n\n\n<li>Obtener intervenci\u00f3n humana, expresar su punto de vista e impugnar las decisiones automatizadas adoptadas por parte de la Fundaci\u00f3n, en su caso.<\/li>\n\n\n\n<li>Solicitar la portabilidad de sus datos.<\/li>\n<\/ul>\n\n\n\n<p>Este sitio web puede contener enlaces en p\u00e1ginas externas, la Fundaci\u00f3 no asume responsabilidad alguna sobre los contenidos ni sobre cualquier otro aspecto relacionado con estas p\u00e1ginas o sitios web.<\/p>\n\n\n\n<p>La Fundaci\u00f3 se reserva el derecho a modificar la presente pol\u00edtica de privacidad de acuerdo con su propio criterio, o motivado por un cambio legal, jurisprudencial, o doctrinal de la Agencia Espa\u00f1ola de Protecci\u00f3n de Datos. El uso de la web despu\u00e9s de los cambios, implicar\u00e1 la aceptaci\u00f3n de \u00e9stos.<\/p>\n\n\n\n<h3 class=\"wp-block-heading\"><strong><strong>\u00bfC\u00f3mo ejercer o defender los derechos?<\/strong><\/strong><\/h3>\n\n\n\n<p>Los derechos que acabamos de enumerar se pueden ejercer dirigiendo una solicitud escrita en la FBCN, Moll de Llevant, 1, Barcelona (CP 08039), tel. 935579700 o bien enviando un correo electr\u00f3nico a info@barcelonacapitalnautica.org, indicando en todos los casos \u00abProtecci\u00f3n de datos personales\u00bb.<\/p>\n\n\n\n<p><\/p>\n","protected":false},"excerpt":{"rendered":"<p>Pol\u00edtica de privacidad Protecci\u00f3n de Datos \u00c9sta es la pol\u00edtica [&hellip;]<\/p>\n","protected":false},"author":1,"featured_media":0,"parent":0,"menu_order":0,"comment_status":"closed","ping_status":"closed","template":"","meta":{"_uag_custom_page_level_css":"","site-sidebar-layout":"default","site-content-layout":"","ast-site-content-layout":"default","site-content-style":"default","site-sidebar-style":"default","ast-global-header-display":"","ast-banner-title-visibility":"","ast-main-header-display":"","ast-hfb-above-header-display":"","ast-hfb-below-header-display":"","ast-hfb-mobile-header-display":"","site-post-title":"disabled","ast-breadcrumbs-content":"","ast-featured-img":"","footer-sml-layout":"","ast-disable-related-posts":"","theme-transparent-header-meta":"","adv-header-id-meta":"","stick-header-meta":"","header-above-stick-meta":"","header-main-stick-meta":"","header-below-stick-meta":"","astra-migrate-meta-layouts":"set","ast-page-background-enabled":"default","ast-page-background-meta":{"desktop":{"background-color":"","background-image":"","background-repeat":"repeat","background-position":"center center","background-size":"auto","background-attachment":"scroll","background-type":"","background-media":"","overlay-type":"","overlay-color":"","overlay-opacity":"","overlay-gradient":""},"tablet":{"background-color":"","background-image":"","background-repeat":"repeat","background-position":"center center","background-size":"auto","background-attachment":"scroll","background-type":"","background-media":"","overlay-type":"","overlay-color":"","overlay-opacity":"","overlay-gradient":""},"mobile":{"background-color":"","background-image":"","background-repeat":"repeat","background-position":"center center","background-size":"auto","background-attachment":"scroll","background-type":"","background-media":"","overlay-type":"","overlay-color":"","overlay-opacity":"","overlay-gradient":""}},"ast-content-background-meta":{"desktop":{"background-color":"var(--ast-global-color-5)","background-image":"","background-repeat":"repeat","background-position":"center center","background-size":"auto","background-attachment":"scroll","background-type":"","background-media":"","overlay-type":"","overlay-color":"","overlay-opacity":"","overlay-gradient":""},"tablet":{"background-color":"var(--ast-global-color-5)","background-image":"","background-repeat":"repeat","background-position":"center center","background-size":"auto","background-attachment":"scroll","background-type":"","background-media":"","overlay-type":"","overlay-color":"","overlay-opacity":"","overlay-gradient":""},"mobile":{"background-color":"var(--ast-global-color-5)","background-image":"","background-repeat":"repeat","background-position":"center center","background-size":"auto","background-attachment":"scroll","background-type":"","background-media":"","overlay-type":"","overlay-color":"","overlay-opacity":"","overlay-gradient":""}},"_price":"","_stock":"","_tribe_ticket_header":"","_tribe_default_ticket_provider":"","_tribe_ticket_capacity":"0","_ticket_start_date":"","_ticket_end_date":"","_tribe_ticket_show_description":"","_tribe_ticket_show_not_going":false,"_tribe_ticket_use_global_stock":"","_tribe_ticket_global_stock_level":"","_global_stock_mode":"","_global_stock_cap":"","_tribe_rsvp_for_event":"","_tribe_ticket_going_count":"","_tribe_ticket_not_going_count":"","_tribe_tickets_list":[],"_tribe_ticket_has_attendee_info_fields":false,"footnotes":""},"class_list":["post-255999","page","type-page","status-publish","hentry"],"yoast_head":"<!-- This site is optimized with the Yoast SEO plugin v27.3 - https:\/\/yoast.com\/product\/yoast-seo-wordpress\/ -->\n<title>Pol\u00edtica de privacidad - Barcelona Capital N\u00e0utica<\/title>\n<meta name=\"robots\" content=\"index, follow, max-snippet:-1, max-image-preview:large, max-video-preview:-1\" \/>\n<link rel=\"canonical\" href=\"https:\/\/www.barcelonacapitalnautica.org\/es\/politica-de-privacidad\/\" \/>\n<meta property=\"og:locale\" content=\"es_ES\" \/>\n<meta property=\"og:type\" content=\"article\" \/>\n<meta property=\"og:title\" content=\"Pol\u00edtica de privacidad - Barcelona Capital N\u00e0utica\" \/>\n<meta property=\"og:description\" content=\"Pol\u00edtica de privacidad Protecci\u00f3n de Datos \u00c9sta es la pol\u00edtica [&hellip;]\" \/>\n<meta property=\"og:url\" content=\"https:\/\/www.barcelonacapitalnautica.org\/es\/politica-de-privacidad\/\" \/>\n<meta property=\"og:site_name\" content=\"Barcelona Capital N\u00e0utica\" \/>\n<meta property=\"article:publisher\" content=\"https:\/\/www.facebook.com\/barcelonacapitalnautica\" \/>\n<meta property=\"article:modified_time\" content=\"2024-01-25T18:11:30+00:00\" \/>\n<meta property=\"og:image\" content=\"https:\/\/www.barcelonacapitalnautica.org\/wp-content\/uploads\/2023\/03\/bcnautica-cover.jpg\" \/>\n\t<meta property=\"og:image:width\" content=\"1200\" \/>\n\t<meta property=\"og:image:height\" content=\"675\" \/>\n\t<meta property=\"og:image:type\" content=\"image\/jpeg\" \/>\n<meta name=\"twitter:card\" content=\"summary_large_image\" \/>\n<meta name=\"twitter:site\" content=\"@bcnautica\" \/>\n<meta name=\"twitter:label1\" content=\"Tiempo de lectura\" \/>\n\t<meta name=\"twitter:data1\" content=\"8 minutos\" \/>\n<script type=\"application\/ld+json\" class=\"yoast-schema-graph\">{\"@context\":\"https:\\\/\\\/schema.org\",\"@graph\":[{\"@type\":\"WebPage\",\"@id\":\"https:\\\/\\\/www.barcelonacapitalnautica.org\\\/es\\\/politica-de-privacidad\\\/\",\"url\":\"https:\\\/\\\/www.barcelonacapitalnautica.org\\\/es\\\/politica-de-privacidad\\\/\",\"name\":\"Pol\u00edtica de privacidad - Barcelona Capital N\u00e0utica\",\"isPartOf\":{\"@id\":\"https:\\\/\\\/www.barcelonacapitalnautica.org\\\/es\\\/#website\"},\"datePublished\":\"2023-03-23T20:24:36+00:00\",\"dateModified\":\"2024-01-25T18:11:30+00:00\",\"breadcrumb\":{\"@id\":\"https:\\\/\\\/www.barcelonacapitalnautica.org\\\/es\\\/politica-de-privacidad\\\/#breadcrumb\"},\"inLanguage\":\"es\",\"potentialAction\":[{\"@type\":\"ReadAction\",\"target\":[\"https:\\\/\\\/www.barcelonacapitalnautica.org\\\/es\\\/politica-de-privacidad\\\/\"]}]},{\"@type\":\"BreadcrumbList\",\"@id\":\"https:\\\/\\\/www.barcelonacapitalnautica.org\\\/es\\\/politica-de-privacidad\\\/#breadcrumb\",\"itemListElement\":[{\"@type\":\"ListItem\",\"position\":1,\"name\":\"Inici\",\"item\":\"https:\\\/\\\/www.barcelonacapitalnautica.org\\\/es\\\/\"},{\"@type\":\"ListItem\",\"position\":2,\"name\":\"Pol\u00edtica de privacidad\"}]},{\"@type\":\"WebSite\",\"@id\":\"https:\\\/\\\/www.barcelonacapitalnautica.org\\\/es\\\/#website\",\"url\":\"https:\\\/\\\/www.barcelonacapitalnautica.org\\\/es\\\/\",\"name\":\"Barcelona Capital N\u00e0utica\",\"description\":\"Barcelona Capital N\u00e0utica\",\"publisher\":{\"@id\":\"https:\\\/\\\/www.barcelonacapitalnautica.org\\\/es\\\/#organization\"},\"alternateName\":\"BCN\u00e0utica, FBCN\",\"potentialAction\":[{\"@type\":\"SearchAction\",\"target\":{\"@type\":\"EntryPoint\",\"urlTemplate\":\"https:\\\/\\\/www.barcelonacapitalnautica.org\\\/es\\\/?s={search_term_string}\"},\"query-input\":{\"@type\":\"PropertyValueSpecification\",\"valueRequired\":true,\"valueName\":\"search_term_string\"}}],\"inLanguage\":\"es\"},{\"@type\":\"Organization\",\"@id\":\"https:\\\/\\\/www.barcelonacapitalnautica.org\\\/es\\\/#organization\",\"name\":\"Barcelona Capital N\u00e0utica\",\"alternateName\":\"Fundaci\u00f3 Barcelona Capital N\u00e0utica\",\"url\":\"https:\\\/\\\/www.barcelonacapitalnautica.org\\\/es\\\/\",\"logo\":{\"@type\":\"ImageObject\",\"inLanguage\":\"es\",\"@id\":\"https:\\\/\\\/www.barcelonacapitalnautica.org\\\/es\\\/#\\\/schema\\\/logo\\\/image\\\/\",\"url\":\"https:\\\/\\\/www.barcelonacapitalnautica.org\\\/wp-content\\\/uploads\\\/2023\\\/03\\\/Logo-blau.svg\",\"contentUrl\":\"https:\\\/\\\/www.barcelonacapitalnautica.org\\\/wp-content\\\/uploads\\\/2023\\\/03\\\/Logo-blau.svg\",\"width\":200,\"height\":58,\"caption\":\"Barcelona Capital N\u00e0utica\"},\"image\":{\"@id\":\"https:\\\/\\\/www.barcelonacapitalnautica.org\\\/es\\\/#\\\/schema\\\/logo\\\/image\\\/\"},\"sameAs\":[\"https:\\\/\\\/www.facebook.com\\\/barcelonacapitalnautica\",\"https:\\\/\\\/x.com\\\/bcnautica\",\"https:\\\/\\\/www.instagram.com\\\/bcnautica\\\/\",\"https:\\\/\\\/www.linkedin.com\\\/company\\\/barcelona-capital-nautica\"]}]}<\/script>\n<!-- \/ Yoast SEO plugin. -->","yoast_head_json":{"title":"Pol\u00edtica de privacidad - Barcelona Capital N\u00e0utica","robots":{"index":"index","follow":"follow","max-snippet":"max-snippet:-1","max-image-preview":"max-image-preview:large","max-video-preview":"max-video-preview:-1"},"canonical":"https:\/\/www.barcelonacapitalnautica.org\/es\/politica-de-privacidad\/","og_locale":"es_ES","og_type":"article","og_title":"Pol\u00edtica de privacidad - Barcelona Capital N\u00e0utica","og_description":"Pol\u00edtica de privacidad Protecci\u00f3n de Datos \u00c9sta es la pol\u00edtica [&hellip;]","og_url":"https:\/\/www.barcelonacapitalnautica.org\/es\/politica-de-privacidad\/","og_site_name":"Barcelona Capital N\u00e0utica","article_publisher":"https:\/\/www.facebook.com\/barcelonacapitalnautica","article_modified_time":"2024-01-25T18:11:30+00:00","og_image":[{"width":1200,"height":675,"url":"https:\/\/www.barcelonacapitalnautica.org\/wp-content\/uploads\/2023\/03\/bcnautica-cover.jpg","type":"image\/jpeg"}],"twitter_card":"summary_large_image","twitter_site":"@bcnautica","twitter_misc":{"Tiempo de lectura":"8 minutos"},"schema":{"@context":"https:\/\/schema.org","@graph":[{"@type":"WebPage","@id":"https:\/\/www.barcelonacapitalnautica.org\/es\/politica-de-privacidad\/","url":"https:\/\/www.barcelonacapitalnautica.org\/es\/politica-de-privacidad\/","name":"Pol\u00edtica de privacidad - Barcelona Capital N\u00e0utica","isPartOf":{"@id":"https:\/\/www.barcelonacapitalnautica.org\/es\/#website"},"datePublished":"2023-03-23T20:24:36+00:00","dateModified":"2024-01-25T18:11:30+00:00","breadcrumb":{"@id":"https:\/\/www.barcelonacapitalnautica.org\/es\/politica-de-privacidad\/#breadcrumb"},"inLanguage":"es","potentialAction":[{"@type":"ReadAction","target":["https:\/\/www.barcelonacapitalnautica.org\/es\/politica-de-privacidad\/"]}]},{"@type":"BreadcrumbList","@id":"https:\/\/www.barcelonacapitalnautica.org\/es\/politica-de-privacidad\/#breadcrumb","itemListElement":[{"@type":"ListItem","position":1,"name":"Inici","item":"https:\/\/www.barcelonacapitalnautica.org\/es\/"},{"@type":"ListItem","position":2,"name":"Pol\u00edtica de privacidad"}]},{"@type":"WebSite","@id":"https:\/\/www.barcelonacapitalnautica.org\/es\/#website","url":"https:\/\/www.barcelonacapitalnautica.org\/es\/","name":"Barcelona Capital N\u00e0utica","description":"Barcelona Capital N\u00e0utica","publisher":{"@id":"https:\/\/www.barcelonacapitalnautica.org\/es\/#organization"},"alternateName":"BCN\u00e0utica, FBCN","potentialAction":[{"@type":"SearchAction","target":{"@type":"EntryPoint","urlTemplate":"https:\/\/www.barcelonacapitalnautica.org\/es\/?s={search_term_string}"},"query-input":{"@type":"PropertyValueSpecification","valueRequired":true,"valueName":"search_term_string"}}],"inLanguage":"es"},{"@type":"Organization","@id":"https:\/\/www.barcelonacapitalnautica.org\/es\/#organization","name":"Barcelona Capital N\u00e0utica","alternateName":"Fundaci\u00f3 Barcelona Capital N\u00e0utica","url":"https:\/\/www.barcelonacapitalnautica.org\/es\/","logo":{"@type":"ImageObject","inLanguage":"es","@id":"https:\/\/www.barcelonacapitalnautica.org\/es\/#\/schema\/logo\/image\/","url":"https:\/\/www.barcelonacapitalnautica.org\/wp-content\/uploads\/2023\/03\/Logo-blau.svg","contentUrl":"https:\/\/www.barcelonacapitalnautica.org\/wp-content\/uploads\/2023\/03\/Logo-blau.svg","width":200,"height":58,"caption":"Barcelona Capital N\u00e0utica"},"image":{"@id":"https:\/\/www.barcelonacapitalnautica.org\/es\/#\/schema\/logo\/image\/"},"sameAs":["https:\/\/www.facebook.com\/barcelonacapitalnautica","https:\/\/x.com\/bcnautica","https:\/\/www.instagram.com\/bcnautica\/","https:\/\/www.linkedin.com\/company\/barcelona-capital-nautica"]}]}},"uagb_featured_image_src":{"full":false,"thumbnail":false,"medium":false,"medium_large":false,"large":false,"1536x1536":false,"2048x2048":false},"uagb_author_info":{"display_name":"Barcelona Capital N\u00e0utica","author_link":"https:\/\/www.barcelonacapitalnautica.org\/es\/author\/fbcn_admin\/"},"uagb_comment_info":0,"uagb_excerpt":"Pol\u00edtica de privacidad Protecci\u00f3n de Datos \u00c9sta es la pol\u00edtica [&hellip;]","ticketed":false,"_links":{"self":[{"href":"https:\/\/www.barcelonacapitalnautica.org\/es\/wp-json\/wp\/v2\/pages\/255999","targetHints":{"allow":["GET"]}}],"collection":[{"href":"https:\/\/www.barcelonacapitalnautica.org\/es\/wp-json\/wp\/v2\/pages"}],"about":[{"href":"https:\/\/www.barcelonacapitalnautica.org\/es\/wp-json\/wp\/v2\/types\/page"}],"author":[{"embeddable":true,"href":"https:\/\/www.barcelonacapitalnautica.org\/es\/wp-json\/wp\/v2\/users\/1"}],"replies":[{"embeddable":true,"href":"https:\/\/www.barcelonacapitalnautica.org\/es\/wp-json\/wp\/v2\/comments?post=255999"}],"version-history":[{"count":7,"href":"https:\/\/www.barcelonacapitalnautica.org\/es\/wp-json\/wp\/v2\/pages\/255999\/revisions"}],"predecessor-version":[{"id":263896,"href":"https:\/\/www.barcelonacapitalnautica.org\/es\/wp-json\/wp\/v2\/pages\/255999\/revisions\/263896"}],"wp:attachment":[{"href":"https:\/\/www.barcelonacapitalnautica.org\/es\/wp-json\/wp\/v2\/media?parent=255999"}],"curies":[{"name":"wp","href":"https:\/\/api.w.org\/{rel}","templated":true}]}}