{"id":256007,"date":"2023-03-23T21:19:32","date_gmt":"2023-03-23T20:19:32","guid":{"rendered":"https:\/\/www.barcelonacapitalnautica.org\/politica-de-galetes\/"},"modified":"2023-04-05T14:40:01","modified_gmt":"2023-04-05T14:40:01","slug":"politica-de-cookies","status":"publish","type":"page","link":"https:\/\/www.barcelonacapitalnautica.org\/es\/politica-de-cookies\/","title":{"rendered":"Pol\u00edtica de cookies"},"content":{"rendered":"\n<div class=\"wp-block-uagb-container uagb-block-4b8fdc99 alignfull uagb-is-root-container\"><div class=\"uagb-container-inner-blocks-wrap\">\n<h3 class=\"wp-block-heading has-ast-global-color-5-color has-text-color has-large-font-size\" style=\"margin-top:var(--wp--preset--spacing--60);margin-right:0;margin-bottom:var(--wp--preset--spacing--60);margin-left:0;padding-top:0;padding-right:0;padding-bottom:0;padding-left:0;text-transform:none\">Pol\u00edtica de cookies<\/h3>\n<\/div><\/div>\n\n\n\n<p><\/p>\n\n\n\n<p>La web <strong>barcelonacapitalnautica.org <\/strong>utiliza cookies para su funcionamiento. Navegar por esta web con las cookies activadas en el navegador comporta de forma imprescindible la aceptaci\u00f3n del uso, como m\u00ednimo, de las cookies necesarias conforme a la normativa actual.<\/p>\n\n\n\n<p>Seg\u00fan la normativa europea, es necesario informar de las cookies necesarias y en cuanto a las de preferencias y estad\u00edsticas, es necesario pedir el consentimiento para que el usuario las acepte o las rechace.<\/p>\n\n\n\n<p>La web barcelonacapitalnautica.org tiene cookies, estructuradas en funci\u00f3n de si son:<\/p>\n\n\n\n<ul class=\"wp-block-list\">\n<li>necesarias<\/li>\n\n\n\n<li>estad\u00edsticas o de optimizaci\u00f3n<\/li>\n\n\n\n<li>de marketing<\/li>\n<\/ul>\n\n\n\n<p><strong>NOTA<\/strong>: &nbsp;Esta informaci\u00f3n se ofrece a fecha 22 de marzo de 2023 e informamos que con el paso del tiempo puede no resultar exhaustiva, aunque esta pol\u00edtica de cookies es revisada peri\u00f3dicamente.<\/p>\n\n\n\n<h2 class=\"wp-block-heading\"><strong>Sobre las cookies<\/strong><\/h2>\n\n\n\n<h3 class=\"wp-block-heading\"><strong>\u00bfQu\u00e9 son?<\/strong><\/h3>\n\n\n\n<p>Las cookies son archivos que se descargan en tu dispositivo al acceder a determinadas p\u00e1ginas web y permiten a la p\u00e1gina web, entre otras cosas, almacenar y recuperar informaci\u00f3n sobre los h\u00e1bitos de navegaci\u00f3n de una persona usuaria o de su equipo y, dependiendo de la informaci\u00f3n que contengan y de la forma en que qu\u00e9 utilice su equipo, pueden utilizarse para reconocer al usuario.<\/p>\n\n\n\n<h3 class=\"wp-block-heading\"><strong><strong>\u00bfC\u00f3mo funcionan y para qu\u00e9 sirven?<\/strong><\/strong><\/h3>\n\n\n\n<ul class=\"wp-block-list\">\n<li><strong>Forman parte de la mayor\u00eda de webs<\/strong>. Cuando se accede a una web que utiliza cookies, la web hace que el navegador cree en su equipo (ordenador, tableta, tel\u00e9fono, etc.) peque\u00f1os archivos con informaci\u00f3n necesaria para el funcionamiento de la web. Estos archivos (que son las cookies propiamente dichas) forman parte de la tecnolog\u00eda necesaria para el correcto funcionamiento del sitio web y no son perjudiciales inherentemente.<\/li>\n\n\n\n<li><strong>El historial de navegaci\u00f3n y las cookies se almacenan en tu equipo<\/strong>. Las cookies, de forma similar al historial de navegaci\u00f3n o memoria cach\u00e9 del navegador, son un rastro de tu actividad en Internet. Esto puede ser importante si otras personas pueden acceder a tu equipo. En caso de que est\u00e9s utilizando un equipo compartido, se recomienda que al finalizar la sesi\u00f3n borres la informaci\u00f3n sobre tu historial de navegaci\u00f3n, cach\u00e9 y cookies. Si no sabes c\u00f3mo hacerlo, consulta el apartado de ayuda del navegador.<\/li>\n\n\n\n<li><strong>Puedes desactivar las cookies, pero algunas webs no funcionar\u00e1n correctamente<\/strong>. Si te preocupa tu privacidad, puedes desactivar completamente el uso de cookies en el banner de configuraci\u00f3n de cookies que aparece en la parte superior de la web. Al hacerlo, es posible que algunas partes de la web no funcionen correctamente.<\/li>\n<\/ul>\n\n\n\n<h3 class=\"wp-block-heading\"><strong>Cookies necesarias<\/strong><\/h3>\n\n\n\n<p>Ayudan a que la p\u00e1gina web se pueda utilizar, puesto que activan funciones b\u00e1sicas como la navegaci\u00f3n o el acceso a \u00e1reas seguras. La web no puede funcionar adecuadamente sin estas cookies.<\/p>\n\n\n\n<p>La web barcelonacapitalnautica.org recoge 4 cookies necesarias para funcionar correctamente.<\/p>\n\n\n\n<figure class=\"wp-block-table\"><table><tbody><tr><td><strong>Tipo<\/strong><\/td><td><strong>Cookie<\/strong><\/td><td><strong>Duraci\u00f3n<\/strong><\/td><td><strong>Uso<\/strong><\/td><\/tr><tr><td>Rendimiento<\/td><td>RT<\/td><td>6 d\u00edas<\/td><td>Se utiliza para medir el tiempo de carga de la p\u00e1gina y otros temporizadores asociados a la p\u00e1gina.<\/td><\/tr><tr><td>Personalizaci\u00f3n<\/td><td>consent<\/td><td>1 a\u00f1o<\/td><td>Almacena el estado de consentimiento del usuario frente al banner de cookies.<\/td><\/tr><tr><td>Personalizaci\u00f3n<\/td><td>consent<\/td><td>1 a\u00f1o<\/td><td>Almacena el estado de consentimiento del usuario frente al banner de cookies.<\/td><\/tr><tr><td>Gestor de contenido<\/td><td>CookieConsent<\/td><td>Persistente<\/td><td>Para optimizar su b\u00fasqueda en la web, garantiza resultados r\u00e1pidos y precisos.<\/td><\/tr><\/tbody><\/table><\/figure>\n\n\n\n<h3 class=\"wp-block-heading\"><strong><strong>Cookies estad\u00edsticas o de optimizaci\u00f3n<\/strong><\/strong><\/h3>\n\n\n\n<p>Ayudan a los propietarios de p\u00e1ginas web a comprender c\u00f3mo interact\u00faan los visitantes con las p\u00e1ginas web reuniendo y proporcionando informaci\u00f3n de forma an\u00f3nima.<\/p>\n\n\n\n<p>La web barcelonacapitalnautica.org recoge 6 cookies estad\u00edsticas, principalmente de Google Analytics.<\/p>\n\n\n\n<figure class=\"wp-block-table\"><table><tbody><tr><td><strong>Tipo<\/strong><\/td><td><strong>Cookie<\/strong><\/td><td><strong>Duraci\u00f3n<\/strong><\/td><td><strong>Uso<\/strong><\/td><td><strong>Donde se env\u00edan los datos<\/strong><\/td><td><strong>Pol\u00edtica<\/strong><\/td><\/tr><tr><td>Anal\u00edtica<\/td><td>_ga<\/td><td>2 a\u00f1os<\/td><td>Registra una identificaci\u00f3n que se utiliza para generar datos estad\u00edsticos sobre c\u00f3mo el visitante utiliza la web.<\/td><td>EEUU<\/td><td>Google Analytics<\/td><\/tr><tr><td>Anal\u00edtica<\/td><td>_ga#<\/td><td>2 a\u00f1os<\/td><td>Recopila datos sobre el n\u00famero de veces que el usuario ha visitado la web adem\u00e1s de los datos de la primera y la m\u00e1s reciente visita.<\/td><td>EEUU<\/td><td>Google Analytics<\/td><\/tr><tr><td>Anal\u00edtica<\/td><td>_gat<\/td><td>1 d\u00eda<\/td><td>Por limitar el porcentaje de solicitudes.<\/td><td>EEUU<\/td><td>Google Analytics<\/td><\/tr><tr><td>Anal\u00edtica<\/td><td>_gid<\/td><td>1 d\u00eda<\/td><td>Registra una identificaci\u00f3n \u00fanica para generar datos estad\u00edsticos sobre c\u00f3mo utiliza el visitante la web.<\/td><td>EEUU<\/td><td>Google Analytics<\/td><\/tr><tr><td>Anal\u00edtica<\/td><td>ADRUM<\/td><td>Sesi\u00f3n<\/td><td>Esta cookie se utiliza para detectar errores en el sitio web \u2013 esta informaci\u00f3n se env\u00eda al personal de soporte del sitio web para optimizar la experiencia del visitante en el sitio web.<\/td><td>Reino Unido<\/td><td>AppDynamics<\/td><\/tr><tr><td>Anal\u00edtica<\/td><td>ADRUM_CLIENTINFO<\/td><td>Persistenete<\/td><td>Se utiliza para reconocer el navegador del visitante en reentrada en el sitio web.<\/td><td>Reino Unido<\/td><td>AppDynamics<\/td><\/tr><\/tbody><\/table><\/figure>\n\n\n\n<h3 class=\"wp-block-heading\"><strong><strong>Cookies de marketing y otros<\/strong><\/strong><\/h3>\n\n\n\n<p>Se utilizan para rastrear a los visitantes en las p\u00e1ginas web. La intenci\u00f3n es mostrar anuncios relevantes y atractivos para el usuario individual, y por tanto, m\u00e1s valiosos para los editores y terceros anunciantes.<\/p>\n\n\n\n<figure class=\"wp-block-table\"><table><tbody><tr><td><strong>Tipo<\/strong><\/td><td><strong>Cookie<\/strong><\/td><td><strong>Duraci\u00f3n<\/strong><\/td><td><strong>Uso<\/strong><\/td><td><strong>Donde se env\u00edan los datos<\/strong><\/td><td><strong>Pol\u00edtica<\/strong><\/td><\/tr><tr><td>Publicidad<\/td><td>_boomr_akamaiXhrRetry<\/td><td>Persistente<\/td><td>Recoge informaci\u00f3n sobre las preferencias del usuario y\/o la interacci\u00f3n con el contenido de su campa\u00f1a web.<\/td><td>Reino Unido<\/td><td>Akamai<\/td><\/tr><tr><td>Publicidad<\/td><td>NID<\/td><td>6 meses<\/td><td>Registra una identificaci\u00f3n \u00fanica que identifica el dispositivo de un usuario que devuelve. Se utiliza para anuncios espec\u00edficos.<\/td><td>EEUU<\/td><td>Google Translate<\/td><\/tr><tr><td>Pendent<\/td><td>ADRUM_XD_AGENT_ID<\/td><td>Persistente<\/td><td>Se utiliza para reconocer el navegador del visitante en reentrada en el sitio web. Pendiente de clasificaci\u00f3n.<\/td><td>Reino Unido<\/td><td>AppDynamics<\/td><\/tr><tr><td>Pendent<\/td><td>ADRUM_XD_AGENT_INFO<\/td><td>Persistente<\/td><td>Se utiliza para reconocer el navegador del visitante en reentrada en el sitio web. Pendiente de clasificaci\u00f3n.<\/td><td>Reino Unido<\/td><td>AppDynamics<\/td><\/tr><tr><td>Pendent<\/td><td>searchId<\/td><td>Persistente<\/td><td>Pendiente de clasificaci\u00f3n.<\/td><td>Austr\u00e1lia<\/td><td>gencat<\/td><\/tr><\/tbody><\/table><\/figure>\n\n\n\n<p><\/p>\n","protected":false},"excerpt":{"rendered":"<p>Pol\u00edtica de cookies La web barcelonacapitalnautica.org utiliza cookies para su [&hellip;]<\/p>\n","protected":false},"author":1,"featured_media":0,"parent":0,"menu_order":0,"comment_status":"closed","ping_status":"closed","template":"","meta":{"_uag_custom_page_level_css":"","site-sidebar-layout":"default","site-content-layout":"","ast-site-content-layout":"default","site-content-style":"default","site-sidebar-style":"default","ast-global-header-display":"","ast-banner-title-visibility":"","ast-main-header-display":"","ast-hfb-above-header-display":"","ast-hfb-below-header-display":"","ast-hfb-mobile-header-display":"","site-post-title":"disabled","ast-breadcrumbs-content":"","ast-featured-img":"","footer-sml-layout":"","ast-disable-related-posts":"","theme-transparent-header-meta":"","adv-header-id-meta":"","stick-header-meta":"","header-above-stick-meta":"","header-main-stick-meta":"","header-below-stick-meta":"","astra-migrate-meta-layouts":"default","ast-page-background-enabled":"default","ast-page-background-meta":{"desktop":{"background-color":"","background-image":"","background-repeat":"repeat","background-position":"center center","background-size":"auto","background-attachment":"scroll","background-type":"","background-media":"","overlay-type":"","overlay-color":"","overlay-opacity":"","overlay-gradient":""},"tablet":{"background-color":"","background-image":"","background-repeat":"repeat","background-position":"center center","background-size":"auto","background-attachment":"scroll","background-type":"","background-media":"","overlay-type":"","overlay-color":"","overlay-opacity":"","overlay-gradient":""},"mobile":{"background-color":"","background-image":"","background-repeat":"repeat","background-position":"center center","background-size":"auto","background-attachment":"scroll","background-type":"","background-media":"","overlay-type":"","overlay-color":"","overlay-opacity":"","overlay-gradient":""}},"ast-content-background-meta":{"desktop":{"background-color":"var(--ast-global-color-5)","background-image":"","background-repeat":"repeat","background-position":"center center","background-size":"auto","background-attachment":"scroll","background-type":"","background-media":"","overlay-type":"","overlay-color":"","overlay-opacity":"","overlay-gradient":""},"tablet":{"background-color":"var(--ast-global-color-5)","background-image":"","background-repeat":"repeat","background-position":"center center","background-size":"auto","background-attachment":"scroll","background-type":"","background-media":"","overlay-type":"","overlay-color":"","overlay-opacity":"","overlay-gradient":""},"mobile":{"background-color":"var(--ast-global-color-5)","background-image":"","background-repeat":"repeat","background-position":"center center","background-size":"auto","background-attachment":"scroll","background-type":"","background-media":"","overlay-type":"","overlay-color":"","overlay-opacity":"","overlay-gradient":""}},"_price":"","_stock":"","_tribe_ticket_header":"","_tribe_default_ticket_provider":"","_tribe_ticket_capacity":"0","_ticket_start_date":"","_ticket_end_date":"","_tribe_ticket_show_description":"","_tribe_ticket_show_not_going":false,"_tribe_ticket_use_global_stock":"","_tribe_ticket_global_stock_level":"","_global_stock_mode":"","_global_stock_cap":"","_tribe_rsvp_for_event":"","_tribe_ticket_going_count":"","_tribe_ticket_not_going_count":"","_tribe_tickets_list":[],"_tribe_ticket_has_attendee_info_fields":false,"footnotes":""},"class_list":["post-256007","page","type-page","status-publish","hentry"],"yoast_head":"<!-- This site is optimized with the Yoast SEO plugin v27.5 - https:\/\/yoast.com\/product\/yoast-seo-wordpress\/ -->\n<title>Pol\u00edtica de cookies - Barcelona Capital N\u00e0utica<\/title>\n<meta name=\"robots\" content=\"index, follow, max-snippet:-1, max-image-preview:large, max-video-preview:-1\" \/>\n<link rel=\"canonical\" href=\"https:\/\/www.barcelonacapitalnautica.org\/es\/politica-de-cookies\/\" \/>\n<meta property=\"og:locale\" content=\"es_ES\" \/>\n<meta property=\"og:type\" content=\"article\" \/>\n<meta property=\"og:title\" content=\"Pol\u00edtica de cookies - Barcelona Capital N\u00e0utica\" \/>\n<meta property=\"og:description\" content=\"Pol\u00edtica de cookies La web barcelonacapitalnautica.org utiliza cookies para su [&hellip;]\" \/>\n<meta property=\"og:url\" content=\"https:\/\/www.barcelonacapitalnautica.org\/es\/politica-de-cookies\/\" \/>\n<meta property=\"og:site_name\" content=\"Barcelona Capital N\u00e0utica\" \/>\n<meta property=\"article:publisher\" content=\"https:\/\/www.facebook.com\/barcelonacapitalnautica\" \/>\n<meta property=\"article:modified_time\" content=\"2023-04-05T14:40:01+00:00\" \/>\n<meta property=\"og:image\" content=\"https:\/\/www.barcelonacapitalnautica.org\/wp-content\/uploads\/2023\/03\/bcnautica-cover.jpg\" \/>\n\t<meta property=\"og:image:width\" content=\"1200\" \/>\n\t<meta property=\"og:image:height\" content=\"675\" \/>\n\t<meta property=\"og:image:type\" content=\"image\/jpeg\" \/>\n<meta name=\"twitter:card\" content=\"summary_large_image\" \/>\n<meta name=\"twitter:site\" content=\"@bcnautica\" \/>\n<meta name=\"twitter:label1\" content=\"Tiempo de lectura\" \/>\n\t<meta name=\"twitter:data1\" content=\"5 minutos\" \/>\n<script type=\"application\/ld+json\" class=\"yoast-schema-graph\">{\"@context\":\"https:\\\/\\\/schema.org\",\"@graph\":[{\"@type\":\"WebPage\",\"@id\":\"https:\\\/\\\/www.barcelonacapitalnautica.org\\\/es\\\/politica-de-cookies\\\/\",\"url\":\"https:\\\/\\\/www.barcelonacapitalnautica.org\\\/es\\\/politica-de-cookies\\\/\",\"name\":\"Pol\u00edtica de cookies - Barcelona Capital N\u00e0utica\",\"isPartOf\":{\"@id\":\"https:\\\/\\\/www.barcelonacapitalnautica.org\\\/es\\\/#website\"},\"datePublished\":\"2023-03-23T20:19:32+00:00\",\"dateModified\":\"2023-04-05T14:40:01+00:00\",\"breadcrumb\":{\"@id\":\"https:\\\/\\\/www.barcelonacapitalnautica.org\\\/es\\\/politica-de-cookies\\\/#breadcrumb\"},\"inLanguage\":\"es\",\"potentialAction\":[{\"@type\":\"ReadAction\",\"target\":[\"https:\\\/\\\/www.barcelonacapitalnautica.org\\\/es\\\/politica-de-cookies\\\/\"]}]},{\"@type\":\"BreadcrumbList\",\"@id\":\"https:\\\/\\\/www.barcelonacapitalnautica.org\\\/es\\\/politica-de-cookies\\\/#breadcrumb\",\"itemListElement\":[{\"@type\":\"ListItem\",\"position\":1,\"name\":\"Inici\",\"item\":\"https:\\\/\\\/www.barcelonacapitalnautica.org\\\/es\\\/\"},{\"@type\":\"ListItem\",\"position\":2,\"name\":\"Pol\u00edtica de cookies\"}]},{\"@type\":\"WebSite\",\"@id\":\"https:\\\/\\\/www.barcelonacapitalnautica.org\\\/es\\\/#website\",\"url\":\"https:\\\/\\\/www.barcelonacapitalnautica.org\\\/es\\\/\",\"name\":\"Barcelona Capital N\u00e0utica\",\"description\":\"Barcelona Capital N\u00e0utica\",\"publisher\":{\"@id\":\"https:\\\/\\\/www.barcelonacapitalnautica.org\\\/es\\\/#organization\"},\"alternateName\":\"BCN\u00e0utica, FBCN\",\"potentialAction\":[{\"@type\":\"SearchAction\",\"target\":{\"@type\":\"EntryPoint\",\"urlTemplate\":\"https:\\\/\\\/www.barcelonacapitalnautica.org\\\/es\\\/?s={search_term_string}\"},\"query-input\":{\"@type\":\"PropertyValueSpecification\",\"valueRequired\":true,\"valueName\":\"search_term_string\"}}],\"inLanguage\":\"es\"},{\"@type\":\"Organization\",\"@id\":\"https:\\\/\\\/www.barcelonacapitalnautica.org\\\/es\\\/#organization\",\"name\":\"Barcelona Capital N\u00e0utica\",\"alternateName\":\"Fundaci\u00f3 Barcelona Capital N\u00e0utica\",\"url\":\"https:\\\/\\\/www.barcelonacapitalnautica.org\\\/es\\\/\",\"logo\":{\"@type\":\"ImageObject\",\"inLanguage\":\"es\",\"@id\":\"https:\\\/\\\/www.barcelonacapitalnautica.org\\\/es\\\/#\\\/schema\\\/logo\\\/image\\\/\",\"url\":\"https:\\\/\\\/www.barcelonacapitalnautica.org\\\/wp-content\\\/uploads\\\/2023\\\/03\\\/Logo-blau.svg\",\"contentUrl\":\"https:\\\/\\\/www.barcelonacapitalnautica.org\\\/wp-content\\\/uploads\\\/2023\\\/03\\\/Logo-blau.svg\",\"width\":200,\"height\":58,\"caption\":\"Barcelona Capital N\u00e0utica\"},\"image\":{\"@id\":\"https:\\\/\\\/www.barcelonacapitalnautica.org\\\/es\\\/#\\\/schema\\\/logo\\\/image\\\/\"},\"sameAs\":[\"https:\\\/\\\/www.facebook.com\\\/barcelonacapitalnautica\",\"https:\\\/\\\/x.com\\\/bcnautica\",\"https:\\\/\\\/www.instagram.com\\\/bcnautica\\\/\",\"https:\\\/\\\/www.linkedin.com\\\/company\\\/barcelona-capital-nautica\"]}]}<\/script>\n<!-- \/ Yoast SEO plugin. -->","yoast_head_json":{"title":"Pol\u00edtica de cookies - Barcelona Capital N\u00e0utica","robots":{"index":"index","follow":"follow","max-snippet":"max-snippet:-1","max-image-preview":"max-image-preview:large","max-video-preview":"max-video-preview:-1"},"canonical":"https:\/\/www.barcelonacapitalnautica.org\/es\/politica-de-cookies\/","og_locale":"es_ES","og_type":"article","og_title":"Pol\u00edtica de cookies - Barcelona Capital N\u00e0utica","og_description":"Pol\u00edtica de cookies La web barcelonacapitalnautica.org utiliza cookies para su [&hellip;]","og_url":"https:\/\/www.barcelonacapitalnautica.org\/es\/politica-de-cookies\/","og_site_name":"Barcelona Capital N\u00e0utica","article_publisher":"https:\/\/www.facebook.com\/barcelonacapitalnautica","article_modified_time":"2023-04-05T14:40:01+00:00","og_image":[{"width":1200,"height":675,"url":"https:\/\/www.barcelonacapitalnautica.org\/wp-content\/uploads\/2023\/03\/bcnautica-cover.jpg","type":"image\/jpeg"}],"twitter_card":"summary_large_image","twitter_site":"@bcnautica","twitter_misc":{"Tiempo de lectura":"5 minutos"},"schema":{"@context":"https:\/\/schema.org","@graph":[{"@type":"WebPage","@id":"https:\/\/www.barcelonacapitalnautica.org\/es\/politica-de-cookies\/","url":"https:\/\/www.barcelonacapitalnautica.org\/es\/politica-de-cookies\/","name":"Pol\u00edtica de cookies - Barcelona Capital N\u00e0utica","isPartOf":{"@id":"https:\/\/www.barcelonacapitalnautica.org\/es\/#website"},"datePublished":"2023-03-23T20:19:32+00:00","dateModified":"2023-04-05T14:40:01+00:00","breadcrumb":{"@id":"https:\/\/www.barcelonacapitalnautica.org\/es\/politica-de-cookies\/#breadcrumb"},"inLanguage":"es","potentialAction":[{"@type":"ReadAction","target":["https:\/\/www.barcelonacapitalnautica.org\/es\/politica-de-cookies\/"]}]},{"@type":"BreadcrumbList","@id":"https:\/\/www.barcelonacapitalnautica.org\/es\/politica-de-cookies\/#breadcrumb","itemListElement":[{"@type":"ListItem","position":1,"name":"Inici","item":"https:\/\/www.barcelonacapitalnautica.org\/es\/"},{"@type":"ListItem","position":2,"name":"Pol\u00edtica de cookies"}]},{"@type":"WebSite","@id":"https:\/\/www.barcelonacapitalnautica.org\/es\/#website","url":"https:\/\/www.barcelonacapitalnautica.org\/es\/","name":"Barcelona Capital N\u00e0utica","description":"Barcelona Capital N\u00e0utica","publisher":{"@id":"https:\/\/www.barcelonacapitalnautica.org\/es\/#organization"},"alternateName":"BCN\u00e0utica, FBCN","potentialAction":[{"@type":"SearchAction","target":{"@type":"EntryPoint","urlTemplate":"https:\/\/www.barcelonacapitalnautica.org\/es\/?s={search_term_string}"},"query-input":{"@type":"PropertyValueSpecification","valueRequired":true,"valueName":"search_term_string"}}],"inLanguage":"es"},{"@type":"Organization","@id":"https:\/\/www.barcelonacapitalnautica.org\/es\/#organization","name":"Barcelona Capital N\u00e0utica","alternateName":"Fundaci\u00f3 Barcelona Capital N\u00e0utica","url":"https:\/\/www.barcelonacapitalnautica.org\/es\/","logo":{"@type":"ImageObject","inLanguage":"es","@id":"https:\/\/www.barcelonacapitalnautica.org\/es\/#\/schema\/logo\/image\/","url":"https:\/\/www.barcelonacapitalnautica.org\/wp-content\/uploads\/2023\/03\/Logo-blau.svg","contentUrl":"https:\/\/www.barcelonacapitalnautica.org\/wp-content\/uploads\/2023\/03\/Logo-blau.svg","width":200,"height":58,"caption":"Barcelona Capital N\u00e0utica"},"image":{"@id":"https:\/\/www.barcelonacapitalnautica.org\/es\/#\/schema\/logo\/image\/"},"sameAs":["https:\/\/www.facebook.com\/barcelonacapitalnautica","https:\/\/x.com\/bcnautica","https:\/\/www.instagram.com\/bcnautica\/","https:\/\/www.linkedin.com\/company\/barcelona-capital-nautica"]}]}},"uagb_featured_image_src":{"full":false,"thumbnail":false,"medium":false,"medium_large":false,"large":false,"1536x1536":false,"2048x2048":false},"uagb_author_info":{"display_name":"Barcelona Capital N\u00e0utica","author_link":"https:\/\/www.barcelonacapitalnautica.org\/es\/author\/fbcn_admin\/"},"uagb_comment_info":0,"uagb_excerpt":"Pol\u00edtica de cookies La web barcelonacapitalnautica.org utiliza cookies para su [&hellip;]","ticketed":false,"_links":{"self":[{"href":"https:\/\/www.barcelonacapitalnautica.org\/es\/wp-json\/wp\/v2\/pages\/256007","targetHints":{"allow":["GET"]}}],"collection":[{"href":"https:\/\/www.barcelonacapitalnautica.org\/es\/wp-json\/wp\/v2\/pages"}],"about":[{"href":"https:\/\/www.barcelonacapitalnautica.org\/es\/wp-json\/wp\/v2\/types\/page"}],"author":[{"embeddable":true,"href":"https:\/\/www.barcelonacapitalnautica.org\/es\/wp-json\/wp\/v2\/users\/1"}],"replies":[{"embeddable":true,"href":"https:\/\/www.barcelonacapitalnautica.org\/es\/wp-json\/wp\/v2\/comments?post=256007"}],"version-history":[{"count":6,"href":"https:\/\/www.barcelonacapitalnautica.org\/es\/wp-json\/wp\/v2\/pages\/256007\/revisions"}],"predecessor-version":[{"id":256449,"href":"https:\/\/www.barcelonacapitalnautica.org\/es\/wp-json\/wp\/v2\/pages\/256007\/revisions\/256449"}],"wp:attachment":[{"href":"https:\/\/www.barcelonacapitalnautica.org\/es\/wp-json\/wp\/v2\/media?parent=256007"}],"curies":[{"name":"wp","href":"https:\/\/api.w.org\/{rel}","templated":true}]}}