{"id":256036,"date":"2023-03-23T21:39:20","date_gmt":"2023-03-23T21:39:20","guid":{"rendered":"https:\/\/www.barcelonacapitalnautica.org\/politica-de-comandes-i-preus\/"},"modified":"2023-04-05T14:40:12","modified_gmt":"2023-04-05T14:40:12","slug":"politica-de-pedidos-y-precios","status":"publish","type":"page","link":"https:\/\/www.barcelonacapitalnautica.org\/es\/politica-de-pedidos-y-precios\/","title":{"rendered":"Pol\u00edtica de pedidos y precios"},"content":{"rendered":"\n<div class=\"wp-block-uagb-container uagb-block-f260daad alignfull uagb-is-root-container\"><div class=\"uagb-container-inner-blocks-wrap\">\n<h3 class=\"wp-block-heading has-ast-global-color-5-color has-text-color has-large-font-size\" style=\"margin-top:var(--wp--preset--spacing--60);margin-right:0;margin-bottom:var(--wp--preset--spacing--60);margin-left:0;padding-top:0;padding-right:0;padding-bottom:0;padding-left:0;text-transform:none\">Pol\u00edtica de pedidos y precios<\/h3>\n<\/div><\/div>\n\n\n\n<p><\/p>\n\n\n\n<p>Los precios de los productos ofrecidos en la Plataforma de la Fundaci\u00f3 Barcelona Capital N\u00e0utica (FBCN), CIF G64191679 aparecer\u00e1n en euros (\u20ac), con todos los impuestos incluidos y ser\u00e1n comunicados al Usuario antes de formalizar la compra.<\/p>\n\n\n\n<p>Los precios aplicables a cada producto\/taller o servicio ser\u00e1n los publicados en la Plataforma y se aplicar\u00e1n autom\u00e1ticamente en la \u00faltima fase del proceso de compra.<\/p>\n\n\n\n<p>El Usuario asume que el precio de algunos de los productos o talleres ofrecidos pueden variar en tiempo real. En todo caso, esto siempre se comunicar\u00e1 con anterioridad a la formalizaci\u00f3n de la venta.<\/p>\n\n\n\n<p>El Usuario se compromete a pagar en el momento de realizar el pedido, a trav\u00e9s de nuestros m\u00e9todos de pago. \u00c9stos son: RedSys, o a trav\u00e9s de nuestra plataforma de pago Stripe, utilizando su tarjeta de cr\u00e9dito o d\u00e9bito (VISA, Mastercard, American Express y otras tarjetas de cr\u00e9dito internacionales). En cualquier caso, el pago a trav\u00e9s de estos m\u00e9todos, se realizar\u00e1 a trav\u00e9s de una plataforma segura de pago.<\/p>\n\n\n\n<p>El Usuario recibir\u00e1 a trav\u00e9s de la direcci\u00f3n de correo facilitada al efecto, un comprobante donde se incluir\u00e1n todos los datos relacionados con la compra de los productos\/talleres. El comprobante se expedir\u00e1 cuando el pedido est\u00e9 pagado y confirmado.<\/p>\n\n\n\n<p>Si hay diferencias de precio en un art\u00edculo en el que aparece en la Plataforma, por favor, env\u00eda un correo electr\u00f3nico a la direcci\u00f3n <a href=\"mailto:info@barcelonacapitalnautica.org\">info@barcelonacapitalnautica.org<\/a> junto con el comprobante del albar\u00e1n y\/o ticket de la compra. Desde FBCN solucionaremos la incidencia en un plazo no superior a 72 horas.<\/p>\n\n\n\n<p>En ocasiones, podemos ofrecer peri\u00f3dicamente c\u00f3digos de descuento sobre los Talleres ofrecidos en la Plataforma. Todas las caracter\u00edsticas sobre el descuento, esto es, porcentaje de descuento, la fecha de vencimiento del c\u00f3digo, as\u00ed como cualquier particularidad relacionada con el c\u00f3digo y\/o sus restricciones en su caso, se indicar\u00e1n directamente en el c\u00f3digo de descuento facilitado .<\/p>\n\n\n\n<p>Estos descuentos s\u00f3lo podr\u00e1n aplicarse de acuerdo con las instrucciones que especifique la Plataforma respecto a cada c\u00f3digo, y en cualquier caso los Usuarios s\u00f3lo podr\u00e1n utilizar un \u00fanico c\u00f3digo por pedido. El uso de c\u00f3digos de descuento no ser\u00e1 compatible con determinadas acciones promocionales.<\/p>\n\n\n\n<p>Si tiene dificultades para completar su pedido o navegar por la p\u00e1gina web de Fundaci\u00f3n Barcelona Capital N\u00e1utica, reinicie su navegador. Si los problemas persisten, puede contactar con nuestro personal a trav\u00e9s de <a href=\"mailto:info@barcelonacapitalnautica.org\">info@barcelonacapitalnautica.org<\/a>.<\/p>\n\n\n\n<p>Si tiene alg\u00fan problema de pago, intente lo siguiente:<\/p>\n\n\n\n<ul class=\"wp-block-list\">\n<li>Utilice una tarjeta de cr\u00e9dito alternativa<\/li>\n\n\n\n<li>Utilice un m\u00e9todo de pago alternativo<\/li>\n\n\n\n<li>Reinicie su navegador y vuelva a internarlo<\/li>\n\n\n\n<li>Elimine las cookies de su dispositivo o vac\u00ede la \u201cmemoria cach\u00e9\u201d. Vuelva a intentarlo, posteriormente<\/li>\n<\/ul>\n\n\n\n<p>Si sus problemas persisten, no dude en contactar con Fundaci\u00f3 Barcelona Capital N\u00e0utica a trav\u00e9s de <a href=\"mailto:info@barcelonacapitalnautica.org\">info@barcelonacapitalnautica.org<\/a> o <a href=\"tel:+34935579700\">+34 935 579 700<\/a><\/p>\n\n\n\n<p><\/p>\n","protected":false},"excerpt":{"rendered":"<p>Pol\u00edtica de pedidos y precios Los precios de los productos [&hellip;]<\/p>\n","protected":false},"author":1,"featured_media":0,"parent":0,"menu_order":0,"comment_status":"closed","ping_status":"closed","template":"","meta":{"_uag_custom_page_level_css":"","site-sidebar-layout":"default","site-content-layout":"","ast-site-content-layout":"default","site-content-style":"default","site-sidebar-style":"default","ast-global-header-display":"","ast-banner-title-visibility":"","ast-main-header-display":"","ast-hfb-above-header-display":"","ast-hfb-below-header-display":"","ast-hfb-mobile-header-display":"","site-post-title":"disabled","ast-breadcrumbs-content":"","ast-featured-img":"","footer-sml-layout":"","ast-disable-related-posts":"","theme-transparent-header-meta":"","adv-header-id-meta":"","stick-header-meta":"","header-above-stick-meta":"","header-main-stick-meta":"","header-below-stick-meta":"","astra-migrate-meta-layouts":"default","ast-page-background-enabled":"default","ast-page-background-meta":{"desktop":{"background-color":"","background-image":"","background-repeat":"repeat","background-position":"center center","background-size":"auto","background-attachment":"scroll","background-type":"","background-media":"","overlay-type":"","overlay-color":"","overlay-opacity":"","overlay-gradient":""},"tablet":{"background-color":"","background-image":"","background-repeat":"repeat","background-position":"center center","background-size":"auto","background-attachment":"scroll","background-type":"","background-media":"","overlay-type":"","overlay-color":"","overlay-opacity":"","overlay-gradient":""},"mobile":{"background-color":"","background-image":"","background-repeat":"repeat","background-position":"center center","background-size":"auto","background-attachment":"scroll","background-type":"","background-media":"","overlay-type":"","overlay-color":"","overlay-opacity":"","overlay-gradient":""}},"ast-content-background-meta":{"desktop":{"background-color":"var(--ast-global-color-5)","background-image":"","background-repeat":"repeat","background-position":"center center","background-size":"auto","background-attachment":"scroll","background-type":"","background-media":"","overlay-type":"","overlay-color":"","overlay-opacity":"","overlay-gradient":""},"tablet":{"background-color":"var(--ast-global-color-5)","background-image":"","background-repeat":"repeat","background-position":"center center","background-size":"auto","background-attachment":"scroll","background-type":"","background-media":"","overlay-type":"","overlay-color":"","overlay-opacity":"","overlay-gradient":""},"mobile":{"background-color":"var(--ast-global-color-5)","background-image":"","background-repeat":"repeat","background-position":"center center","background-size":"auto","background-attachment":"scroll","background-type":"","background-media":"","overlay-type":"","overlay-color":"","overlay-opacity":"","overlay-gradient":""}},"_price":"","_stock":"","_tribe_ticket_header":"","_tribe_default_ticket_provider":"","_tribe_ticket_capacity":"0","_ticket_start_date":"","_ticket_end_date":"","_tribe_ticket_show_description":"","_tribe_ticket_show_not_going":false,"_tribe_ticket_use_global_stock":"","_tribe_ticket_global_stock_level":"","_global_stock_mode":"","_global_stock_cap":"","_tribe_rsvp_for_event":"","_tribe_ticket_going_count":"","_tribe_ticket_not_going_count":"","_tribe_tickets_list":[],"_tribe_ticket_has_attendee_info_fields":false,"footnotes":""},"class_list":["post-256036","page","type-page","status-publish","hentry"],"yoast_head":"<!-- This site is optimized with the Yoast SEO plugin v27.5 - https:\/\/yoast.com\/product\/yoast-seo-wordpress\/ -->\n<title>Pol\u00edtica de pedidos y precios - Barcelona Capital N\u00e0utica<\/title>\n<meta name=\"robots\" content=\"index, follow, max-snippet:-1, max-image-preview:large, max-video-preview:-1\" \/>\n<link rel=\"canonical\" href=\"https:\/\/www.barcelonacapitalnautica.org\/es\/politica-de-pedidos-y-precios\/\" \/>\n<meta property=\"og:locale\" content=\"es_ES\" \/>\n<meta property=\"og:type\" content=\"article\" \/>\n<meta property=\"og:title\" content=\"Pol\u00edtica de pedidos y precios - Barcelona Capital N\u00e0utica\" \/>\n<meta property=\"og:description\" content=\"Pol\u00edtica de pedidos y precios Los precios de los productos [&hellip;]\" \/>\n<meta property=\"og:url\" content=\"https:\/\/www.barcelonacapitalnautica.org\/es\/politica-de-pedidos-y-precios\/\" \/>\n<meta property=\"og:site_name\" content=\"Barcelona Capital N\u00e0utica\" \/>\n<meta property=\"article:publisher\" content=\"https:\/\/www.facebook.com\/barcelonacapitalnautica\" \/>\n<meta property=\"article:modified_time\" content=\"2023-04-05T14:40:12+00:00\" \/>\n<meta property=\"og:image\" content=\"https:\/\/www.barcelonacapitalnautica.org\/wp-content\/uploads\/2023\/03\/bcnautica-cover.jpg\" \/>\n\t<meta property=\"og:image:width\" content=\"1200\" \/>\n\t<meta property=\"og:image:height\" content=\"675\" \/>\n\t<meta property=\"og:image:type\" content=\"image\/jpeg\" \/>\n<meta name=\"twitter:card\" content=\"summary_large_image\" \/>\n<meta name=\"twitter:site\" content=\"@bcnautica\" \/>\n<meta name=\"twitter:label1\" content=\"Tiempo de lectura\" \/>\n\t<meta name=\"twitter:data1\" content=\"3 minutos\" \/>\n<script type=\"application\/ld+json\" class=\"yoast-schema-graph\">{\"@context\":\"https:\\\/\\\/schema.org\",\"@graph\":[{\"@type\":\"WebPage\",\"@id\":\"https:\\\/\\\/www.barcelonacapitalnautica.org\\\/es\\\/politica-de-pedidos-y-precios\\\/\",\"url\":\"https:\\\/\\\/www.barcelonacapitalnautica.org\\\/es\\\/politica-de-pedidos-y-precios\\\/\",\"name\":\"Pol\u00edtica de pedidos y precios - Barcelona Capital N\u00e0utica\",\"isPartOf\":{\"@id\":\"https:\\\/\\\/www.barcelonacapitalnautica.org\\\/es\\\/#website\"},\"datePublished\":\"2023-03-23T21:39:20+00:00\",\"dateModified\":\"2023-04-05T14:40:12+00:00\",\"breadcrumb\":{\"@id\":\"https:\\\/\\\/www.barcelonacapitalnautica.org\\\/es\\\/politica-de-pedidos-y-precios\\\/#breadcrumb\"},\"inLanguage\":\"es\",\"potentialAction\":[{\"@type\":\"ReadAction\",\"target\":[\"https:\\\/\\\/www.barcelonacapitalnautica.org\\\/es\\\/politica-de-pedidos-y-precios\\\/\"]}]},{\"@type\":\"BreadcrumbList\",\"@id\":\"https:\\\/\\\/www.barcelonacapitalnautica.org\\\/es\\\/politica-de-pedidos-y-precios\\\/#breadcrumb\",\"itemListElement\":[{\"@type\":\"ListItem\",\"position\":1,\"name\":\"Inici\",\"item\":\"https:\\\/\\\/www.barcelonacapitalnautica.org\\\/es\\\/\"},{\"@type\":\"ListItem\",\"position\":2,\"name\":\"Pol\u00edtica de pedidos y precios\"}]},{\"@type\":\"WebSite\",\"@id\":\"https:\\\/\\\/www.barcelonacapitalnautica.org\\\/es\\\/#website\",\"url\":\"https:\\\/\\\/www.barcelonacapitalnautica.org\\\/es\\\/\",\"name\":\"Barcelona Capital N\u00e0utica\",\"description\":\"Barcelona Capital N\u00e0utica\",\"publisher\":{\"@id\":\"https:\\\/\\\/www.barcelonacapitalnautica.org\\\/es\\\/#organization\"},\"alternateName\":\"BCN\u00e0utica, FBCN\",\"potentialAction\":[{\"@type\":\"SearchAction\",\"target\":{\"@type\":\"EntryPoint\",\"urlTemplate\":\"https:\\\/\\\/www.barcelonacapitalnautica.org\\\/es\\\/?s={search_term_string}\"},\"query-input\":{\"@type\":\"PropertyValueSpecification\",\"valueRequired\":true,\"valueName\":\"search_term_string\"}}],\"inLanguage\":\"es\"},{\"@type\":\"Organization\",\"@id\":\"https:\\\/\\\/www.barcelonacapitalnautica.org\\\/es\\\/#organization\",\"name\":\"Barcelona Capital N\u00e0utica\",\"alternateName\":\"Fundaci\u00f3 Barcelona Capital N\u00e0utica\",\"url\":\"https:\\\/\\\/www.barcelonacapitalnautica.org\\\/es\\\/\",\"logo\":{\"@type\":\"ImageObject\",\"inLanguage\":\"es\",\"@id\":\"https:\\\/\\\/www.barcelonacapitalnautica.org\\\/es\\\/#\\\/schema\\\/logo\\\/image\\\/\",\"url\":\"https:\\\/\\\/www.barcelonacapitalnautica.org\\\/wp-content\\\/uploads\\\/2023\\\/03\\\/Logo-blau.svg\",\"contentUrl\":\"https:\\\/\\\/www.barcelonacapitalnautica.org\\\/wp-content\\\/uploads\\\/2023\\\/03\\\/Logo-blau.svg\",\"width\":200,\"height\":58,\"caption\":\"Barcelona Capital N\u00e0utica\"},\"image\":{\"@id\":\"https:\\\/\\\/www.barcelonacapitalnautica.org\\\/es\\\/#\\\/schema\\\/logo\\\/image\\\/\"},\"sameAs\":[\"https:\\\/\\\/www.facebook.com\\\/barcelonacapitalnautica\",\"https:\\\/\\\/x.com\\\/bcnautica\",\"https:\\\/\\\/www.instagram.com\\\/bcnautica\\\/\",\"https:\\\/\\\/www.linkedin.com\\\/company\\\/barcelona-capital-nautica\"]}]}<\/script>\n<!-- \/ Yoast SEO plugin. -->","yoast_head_json":{"title":"Pol\u00edtica de pedidos y precios - Barcelona Capital N\u00e0utica","robots":{"index":"index","follow":"follow","max-snippet":"max-snippet:-1","max-image-preview":"max-image-preview:large","max-video-preview":"max-video-preview:-1"},"canonical":"https:\/\/www.barcelonacapitalnautica.org\/es\/politica-de-pedidos-y-precios\/","og_locale":"es_ES","og_type":"article","og_title":"Pol\u00edtica de pedidos y precios - Barcelona Capital N\u00e0utica","og_description":"Pol\u00edtica de pedidos y precios Los precios de los productos [&hellip;]","og_url":"https:\/\/www.barcelonacapitalnautica.org\/es\/politica-de-pedidos-y-precios\/","og_site_name":"Barcelona Capital N\u00e0utica","article_publisher":"https:\/\/www.facebook.com\/barcelonacapitalnautica","article_modified_time":"2023-04-05T14:40:12+00:00","og_image":[{"width":1200,"height":675,"url":"https:\/\/www.barcelonacapitalnautica.org\/wp-content\/uploads\/2023\/03\/bcnautica-cover.jpg","type":"image\/jpeg"}],"twitter_card":"summary_large_image","twitter_site":"@bcnautica","twitter_misc":{"Tiempo de lectura":"3 minutos"},"schema":{"@context":"https:\/\/schema.org","@graph":[{"@type":"WebPage","@id":"https:\/\/www.barcelonacapitalnautica.org\/es\/politica-de-pedidos-y-precios\/","url":"https:\/\/www.barcelonacapitalnautica.org\/es\/politica-de-pedidos-y-precios\/","name":"Pol\u00edtica de pedidos y precios - Barcelona Capital N\u00e0utica","isPartOf":{"@id":"https:\/\/www.barcelonacapitalnautica.org\/es\/#website"},"datePublished":"2023-03-23T21:39:20+00:00","dateModified":"2023-04-05T14:40:12+00:00","breadcrumb":{"@id":"https:\/\/www.barcelonacapitalnautica.org\/es\/politica-de-pedidos-y-precios\/#breadcrumb"},"inLanguage":"es","potentialAction":[{"@type":"ReadAction","target":["https:\/\/www.barcelonacapitalnautica.org\/es\/politica-de-pedidos-y-precios\/"]}]},{"@type":"BreadcrumbList","@id":"https:\/\/www.barcelonacapitalnautica.org\/es\/politica-de-pedidos-y-precios\/#breadcrumb","itemListElement":[{"@type":"ListItem","position":1,"name":"Inici","item":"https:\/\/www.barcelonacapitalnautica.org\/es\/"},{"@type":"ListItem","position":2,"name":"Pol\u00edtica de pedidos y precios"}]},{"@type":"WebSite","@id":"https:\/\/www.barcelonacapitalnautica.org\/es\/#website","url":"https:\/\/www.barcelonacapitalnautica.org\/es\/","name":"Barcelona Capital N\u00e0utica","description":"Barcelona Capital N\u00e0utica","publisher":{"@id":"https:\/\/www.barcelonacapitalnautica.org\/es\/#organization"},"alternateName":"BCN\u00e0utica, FBCN","potentialAction":[{"@type":"SearchAction","target":{"@type":"EntryPoint","urlTemplate":"https:\/\/www.barcelonacapitalnautica.org\/es\/?s={search_term_string}"},"query-input":{"@type":"PropertyValueSpecification","valueRequired":true,"valueName":"search_term_string"}}],"inLanguage":"es"},{"@type":"Organization","@id":"https:\/\/www.barcelonacapitalnautica.org\/es\/#organization","name":"Barcelona Capital N\u00e0utica","alternateName":"Fundaci\u00f3 Barcelona Capital N\u00e0utica","url":"https:\/\/www.barcelonacapitalnautica.org\/es\/","logo":{"@type":"ImageObject","inLanguage":"es","@id":"https:\/\/www.barcelonacapitalnautica.org\/es\/#\/schema\/logo\/image\/","url":"https:\/\/www.barcelonacapitalnautica.org\/wp-content\/uploads\/2023\/03\/Logo-blau.svg","contentUrl":"https:\/\/www.barcelonacapitalnautica.org\/wp-content\/uploads\/2023\/03\/Logo-blau.svg","width":200,"height":58,"caption":"Barcelona Capital N\u00e0utica"},"image":{"@id":"https:\/\/www.barcelonacapitalnautica.org\/es\/#\/schema\/logo\/image\/"},"sameAs":["https:\/\/www.facebook.com\/barcelonacapitalnautica","https:\/\/x.com\/bcnautica","https:\/\/www.instagram.com\/bcnautica\/","https:\/\/www.linkedin.com\/company\/barcelona-capital-nautica"]}]}},"uagb_featured_image_src":{"full":false,"thumbnail":false,"medium":false,"medium_large":false,"large":false,"1536x1536":false,"2048x2048":false},"uagb_author_info":{"display_name":"Barcelona Capital N\u00e0utica","author_link":"https:\/\/www.barcelonacapitalnautica.org\/es\/author\/fbcn_admin\/"},"uagb_comment_info":0,"uagb_excerpt":"Pol\u00edtica de pedidos y precios Los precios de los productos [&hellip;]","ticketed":false,"_links":{"self":[{"href":"https:\/\/www.barcelonacapitalnautica.org\/es\/wp-json\/wp\/v2\/pages\/256036","targetHints":{"allow":["GET"]}}],"collection":[{"href":"https:\/\/www.barcelonacapitalnautica.org\/es\/wp-json\/wp\/v2\/pages"}],"about":[{"href":"https:\/\/www.barcelonacapitalnautica.org\/es\/wp-json\/wp\/v2\/types\/page"}],"author":[{"embeddable":true,"href":"https:\/\/www.barcelonacapitalnautica.org\/es\/wp-json\/wp\/v2\/users\/1"}],"replies":[{"embeddable":true,"href":"https:\/\/www.barcelonacapitalnautica.org\/es\/wp-json\/wp\/v2\/comments?post=256036"}],"version-history":[{"count":2,"href":"https:\/\/www.barcelonacapitalnautica.org\/es\/wp-json\/wp\/v2\/pages\/256036\/revisions"}],"predecessor-version":[{"id":256450,"href":"https:\/\/www.barcelonacapitalnautica.org\/es\/wp-json\/wp\/v2\/pages\/256036\/revisions\/256450"}],"wp:attachment":[{"href":"https:\/\/www.barcelonacapitalnautica.org\/es\/wp-json\/wp\/v2\/media?parent=256036"}],"curies":[{"name":"wp","href":"https:\/\/api.w.org\/{rel}","templated":true}]}}